{"id":6312,"date":"2023-10-05T14:28:36","date_gmt":"2023-10-05T14:28:36","guid":{"rendered":"https:\/\/degertauto.web-devtesting.xyz\/28-vite\/"},"modified":"2024-04-24T08:45:15","modified_gmt":"2024-04-24T08:45:15","slug":"30-jahre","status":"publish","type":"page","link":"https:\/\/degertauto.com\/de\/30-jahre\/","title":{"rendered":"30 Jahre"},"content":{"rendered":"\t\t<div data-elementor-type=\"wp-page\" data-elementor-id=\"6312\" class=\"elementor elementor-6312 elementor-3384\">\n\t\t\t\t\t\t\t<div class=\"elementor-element elementor-element-cf09413 e-flex e-con-boxed e-con\" data-id=\"cf09413\" data-element_type=\"container\" data-settings=\"{&quot;background_background&quot;:&quot;classic&quot;,&quot;content_width&quot;:&quot;boxed&quot;}\">\n\t\t\t\t\t<div class=\"e-con-inner\">\n\t\t\t\t<div class=\"elementor-element elementor-element-4f38d00 elementor-widget elementor-widget-button\" data-id=\"4f38d00\" data-element_type=\"widget\" data-widget_type=\"button.default\">\n\t\t\t\t<div class=\"elementor-widget-container\">\n\t\t\t\t\t<div class=\"elementor-button-wrapper\">\n\t\t\t<a class=\"elementor-button elementor-button-link elementor-size-sm\" href=\"\/de\/ueber-uns\/\">\n\t\t\t\t\t\t<span class=\"elementor-button-content-wrapper\">\n\t\t\t\t\t\t<span class=\"elementor-button-icon elementor-align-icon-left\">\n\t\t\t\t<i aria-hidden=\"true\" class=\"fas fa-long-arrow-alt-left\"><\/i>\t\t\t<\/span>\n\t\t\t\t\t\t<span class=\"elementor-button-text\">Zur\u00fcck<\/span>\n\t\t<\/span>\n\t\t\t\t\t<\/a>\n\t\t<\/div>\n\t\t\t\t<\/div>\n\t\t\t\t<\/div>\n\t\t\t\t\t<\/div>\n\t\t\t\t<\/div>\n\t\t<div class=\"elementor-element elementor-element-527cfd8 home-about e-flex e-con-boxed e-con\" data-id=\"527cfd8\" data-element_type=\"container\" data-settings=\"{&quot;content_width&quot;:&quot;boxed&quot;}\">\n\t\t\t\t\t<div class=\"e-con-inner\">\n\t\t<div class=\"elementor-element elementor-element-161bb7b e-con-full left-col-about e-flex elementor-invisible e-con\" data-id=\"161bb7b\" data-element_type=\"container\" data-settings=\"{&quot;content_width&quot;:&quot;full&quot;,&quot;background_background&quot;:&quot;classic&quot;,&quot;animation&quot;:&quot;fadeInLeft&quot;}\">\n\t\t<div class=\"elementor-element elementor-element-6e796c0 e-flex e-con-boxed e-con\" data-id=\"6e796c0\" data-element_type=\"container\" data-settings=\"{&quot;content_width&quot;:&quot;boxed&quot;}\">\n\t\t\t\t\t<div class=\"e-con-inner\">\n\t\t<div class=\"elementor-element elementor-element-b030085 e-con-full e-flex e-con\" data-id=\"b030085\" data-element_type=\"container\" data-settings=\"{&quot;content_width&quot;:&quot;full&quot;}\">\n\t\t\t\t<div class=\"elementor-element elementor-element-a6ea7bc elementor-widget elementor-widget-heading\" data-id=\"a6ea7bc\" data-element_type=\"widget\" data-widget_type=\"heading.default\">\n\t\t\t\t<div class=\"elementor-widget-container\">\n\t\t\t<style>\/*! elementor - v3.15.0 - 09-08-2023 *\/\n.elementor-heading-title{padding:0;margin:0;line-height:1}.elementor-widget-heading .elementor-heading-title[class*=elementor-size-]>a{color:inherit;font-size:inherit;line-height:inherit}.elementor-widget-heading .elementor-heading-title.elementor-size-small{font-size:15px}.elementor-widget-heading .elementor-heading-title.elementor-size-medium{font-size:19px}.elementor-widget-heading .elementor-heading-title.elementor-size-large{font-size:29px}.elementor-widget-heading .elementor-heading-title.elementor-size-xl{font-size:39px}.elementor-widget-heading .elementor-heading-title.elementor-size-xxl{font-size:59px}<\/style><h4 class=\"elementor-heading-title elementor-size-default\">30<\/h4>\t\t<\/div>\n\t\t\t\t<\/div>\n\t\t\t\t<\/div>\n\t\t<div class=\"elementor-element elementor-element-247011e e-con-full e-flex e-con\" data-id=\"247011e\" data-element_type=\"container\" data-settings=\"{&quot;content_width&quot;:&quot;full&quot;}\">\n\t\t\t\t<div class=\"elementor-element elementor-element-9ef7645 elementor-widget elementor-widget-heading\" data-id=\"9ef7645\" data-element_type=\"widget\" data-widget_type=\"heading.default\">\n\t\t\t\t<div class=\"elementor-widget-container\">\n\t\t\t<h2 class=\"elementor-heading-title elementor-size-default\">Rund 30 Jahre Erfahrung im Ersatzteilhandel.<\/h2>\t\t<\/div>\n\t\t\t\t<\/div>\n\t\t\t\t<\/div>\n\t\t\t\t\t<\/div>\n\t\t\t\t<\/div>\n\t\t\t\t<div class=\"elementor-element elementor-element-7e33608 elementor-widget elementor-widget-text-editor\" data-id=\"7e33608\" data-element_type=\"widget\" data-widget_type=\"text-editor.default\">\n\t\t\t\t<div class=\"elementor-widget-container\">\n\t\t\t<style>\/*! elementor - v3.15.0 - 09-08-2023 *\/\n.elementor-widget-text-editor.elementor-drop-cap-view-stacked .elementor-drop-cap{background-color:#69727d;color:#fff}.elementor-widget-text-editor.elementor-drop-cap-view-framed .elementor-drop-cap{color:#69727d;border:3px solid;background-color:transparent}.elementor-widget-text-editor:not(.elementor-drop-cap-view-default) .elementor-drop-cap{margin-top:8px}.elementor-widget-text-editor:not(.elementor-drop-cap-view-default) .elementor-drop-cap-letter{width:1em;height:1em}.elementor-widget-text-editor .elementor-drop-cap{float:left;text-align:center;line-height:1;font-size:50px}.elementor-widget-text-editor .elementor-drop-cap-letter{display:inline-block}<\/style>\t\t\t\t<p>Degert Auto AG hatte seine bescheidenen Anf\u00e4nge im Jahr 1995 in der Stadt La\u00e7 (ALBANIEN), eine T\u00e4tigkeit mit einer Hauptausrichtung im Bereich des Ersatzteilhandels, die im Laufe der Zeit konsolidiert und verbessert wurde und zu einem der f\u00fchrenden Unternehmen des Landes wurde.<br \/><br \/>Mit mehr als 30 Jahren Erfahrung im Kfz-Ersatzteil- und Schmierstoffmarkt bietet das Unternehmen eine breite Palette an Produkten und Dienstleistungen an, die optimal auf die Bed\u00fcrfnisse der Kunden zugeschnitten sind.<br \/><br \/>Um n\u00e4her an seinen Kunden zu sein und diese Bed\u00fcrfnisse bestm\u00f6glich zu erf\u00fcllen, hat das Unternehmen daher in die Er\u00f6ffnung neuer Niederlassungen in den wichtigsten St\u00e4dten des Landes investiert.<\/p>\t\t\t\t\t\t<\/div>\n\t\t\t\t<\/div>\n\t\t\t\t<\/div>\n\t\t<div class=\"elementor-element elementor-element-a49ca08 e-con-full e-flex elementor-invisible e-con\" data-id=\"a49ca08\" data-element_type=\"container\" data-settings=\"{&quot;content_width&quot;:&quot;full&quot;,&quot;animation&quot;:&quot;fadeInRight&quot;}\">\n\t\t\t\t<div class=\"elementor-element elementor-element-a02510f image-about single-category elementor-widget elementor-widget-image\" data-id=\"a02510f\" data-element_type=\"widget\" data-widget_type=\"image.default\">\n\t\t\t\t<div class=\"elementor-widget-container\">\n\t\t\t<style>\/*! elementor - v3.15.0 - 09-08-2023 *\/\n.elementor-widget-image{text-align:center}.elementor-widget-image a{display:inline-block}.elementor-widget-image a img[src$=\".svg\"]{width:48px}.elementor-widget-image img{vertical-align:middle;display:inline-block}<\/style>\t\t\t\t\t\t\t\t\t\t\t\t<img loading=\"lazy\" decoding=\"async\" width=\"1000\" height=\"667\" src=\"https:\/\/degertauto.com\/wp-content\/uploads\/2023\/09\/kush-jemi1.jpg\" class=\"attachment-full size-full wp-image-4480\" alt=\"\" srcset=\"https:\/\/degertauto.com\/wp-content\/uploads\/2023\/09\/kush-jemi1.jpg 1000w, https:\/\/degertauto.com\/wp-content\/uploads\/2023\/09\/kush-jemi1-300x200.jpg 300w, https:\/\/degertauto.com\/wp-content\/uploads\/2023\/09\/kush-jemi1-768x512.jpg 768w\" sizes=\"auto, (max-width: 1000px) 100vw, 1000px\" \/>\t\t\t\t\t\t\t\t\t\t\t\t\t\t\t<\/div>\n\t\t\t\t<\/div>\n\t\t\t\t<\/div>\n\t\t\t\t\t<\/div>\n\t\t\t\t<\/div>\n\t\t\t\t\t\t\t<\/div>\n\t\t","protected":false},"excerpt":{"rendered":"<p>Zur\u00fcck 30 Rund 30 Jahre Erfahrung im Ersatzteilhandel. Degert Auto AG hatte seine bescheidenen Anf\u00e4nge im Jahr 1995 in der Stadt La\u00e7 (ALBANIEN), eine T\u00e4tigkeit mit einer Hauptausrichtung im Bereich des Ersatzteilhandels, die im Laufe der Zeit konsolidiert und verbessert wurde und zu einem der f\u00fchrenden Unternehmen des Landes wurde. Mit mehr als 30 Jahren [&hellip;]<\/p>\n","protected":false},"author":1,"featured_media":0,"parent":0,"menu_order":0,"comment_status":"closed","ping_status":"closed","template":"elementor_header_footer","meta":{"footnotes":""},"class_list":["post-6312","page","type-page","status-publish","hentry"],"acf":[],"_links":{"self":[{"href":"https:\/\/degertauto.com\/de\/wp-json\/wp\/v2\/pages\/6312","targetHints":{"allow":["GET"]}}],"collection":[{"href":"https:\/\/degertauto.com\/de\/wp-json\/wp\/v2\/pages"}],"about":[{"href":"https:\/\/degertauto.com\/de\/wp-json\/wp\/v2\/types\/page"}],"author":[{"embeddable":true,"href":"https:\/\/degertauto.com\/de\/wp-json\/wp\/v2\/users\/1"}],"replies":[{"embeddable":true,"href":"https:\/\/degertauto.com\/de\/wp-json\/wp\/v2\/comments?post=6312"}],"version-history":[{"count":17,"href":"https:\/\/degertauto.com\/de\/wp-json\/wp\/v2\/pages\/6312\/revisions"}],"predecessor-version":[{"id":9346,"href":"https:\/\/degertauto.com\/de\/wp-json\/wp\/v2\/pages\/6312\/revisions\/9346"}],"wp:attachment":[{"href":"https:\/\/degertauto.com\/de\/wp-json\/wp\/v2\/media?parent=6312"}],"curies":[{"name":"wp","href":"https:\/\/api.w.org\/{rel}","templated":true}]}}