{"id":6313,"date":"2023-10-05T14:43:02","date_gmt":"2023-10-05T14:43:02","guid":{"rendered":"https:\/\/degertauto.web-devtesting.xyz\/dyqane-ne-shqiperi\/"},"modified":"2024-07-25T07:54:25","modified_gmt":"2024-07-25T07:54:25","slug":"geschaefte-in-albanien","status":"publish","type":"page","link":"https:\/\/degertauto.com\/de\/geschaefte-in-albanien\/","title":{"rendered":"Gesch\u00e4fte in Albanien"},"content":{"rendered":"\t\t<div data-elementor-type=\"wp-page\" data-elementor-id=\"6313\" class=\"elementor elementor-6313 elementor-3399\">\n\t\t\t\t\t\t\t<div class=\"elementor-element elementor-element-894f24a e-flex e-con-boxed e-con\" data-id=\"894f24a\" data-element_type=\"container\" data-settings=\"{&quot;background_background&quot;:&quot;classic&quot;,&quot;content_width&quot;:&quot;boxed&quot;}\">\n\t\t\t\t\t<div class=\"e-con-inner\">\n\t\t\t\t<div class=\"elementor-element elementor-element-34df7b9 elementor-widget elementor-widget-button\" data-id=\"34df7b9\" data-element_type=\"widget\" data-widget_type=\"button.default\">\n\t\t\t\t<div class=\"elementor-widget-container\">\n\t\t\t\t\t<div class=\"elementor-button-wrapper\">\n\t\t\t<a class=\"elementor-button elementor-button-link elementor-size-sm\" href=\"\/de\/ueber-uns\/\">\n\t\t\t\t\t\t<span class=\"elementor-button-content-wrapper\">\n\t\t\t\t\t\t<span class=\"elementor-button-icon elementor-align-icon-left\">\n\t\t\t\t<i aria-hidden=\"true\" class=\"fas fa-long-arrow-alt-left\"><\/i>\t\t\t<\/span>\n\t\t\t\t\t\t<span class=\"elementor-button-text\">Zur\u00fcck<\/span>\n\t\t<\/span>\n\t\t\t\t\t<\/a>\n\t\t<\/div>\n\t\t\t\t<\/div>\n\t\t\t\t<\/div>\n\t\t\t\t\t<\/div>\n\t\t\t\t<\/div>\n\t\t<div class=\"elementor-element elementor-element-9893e26 home-about e-flex e-con-boxed e-con\" data-id=\"9893e26\" data-element_type=\"container\" data-settings=\"{&quot;content_width&quot;:&quot;boxed&quot;}\">\n\t\t\t\t\t<div class=\"e-con-inner\">\n\t\t<div class=\"elementor-element elementor-element-46fb148 e-con-full left-col-about e-flex elementor-invisible e-con\" data-id=\"46fb148\" data-element_type=\"container\" data-settings=\"{&quot;content_width&quot;:&quot;full&quot;,&quot;background_background&quot;:&quot;classic&quot;,&quot;animation&quot;:&quot;fadeInLeft&quot;}\">\n\t\t<div class=\"elementor-element elementor-element-d498c61 e-flex e-con-boxed e-con\" data-id=\"d498c61\" data-element_type=\"container\" data-settings=\"{&quot;content_width&quot;:&quot;boxed&quot;}\">\n\t\t\t\t\t<div class=\"e-con-inner\">\n\t\t<div class=\"elementor-element elementor-element-dd8ddc9 e-con-full e-flex e-con\" data-id=\"dd8ddc9\" data-element_type=\"container\" data-settings=\"{&quot;content_width&quot;:&quot;full&quot;}\">\n\t\t\t\t<div class=\"elementor-element elementor-element-492fb08 elementor-widget elementor-widget-heading\" data-id=\"492fb08\" data-element_type=\"widget\" data-widget_type=\"heading.default\">\n\t\t\t\t<div class=\"elementor-widget-container\">\n\t\t\t<style>\/*! elementor - v3.15.0 - 09-08-2023 *\/\n.elementor-heading-title{padding:0;margin:0;line-height:1}.elementor-widget-heading .elementor-heading-title[class*=elementor-size-]>a{color:inherit;font-size:inherit;line-height:inherit}.elementor-widget-heading .elementor-heading-title.elementor-size-small{font-size:15px}.elementor-widget-heading .elementor-heading-title.elementor-size-medium{font-size:19px}.elementor-widget-heading .elementor-heading-title.elementor-size-large{font-size:29px}.elementor-widget-heading .elementor-heading-title.elementor-size-xl{font-size:39px}.elementor-widget-heading .elementor-heading-title.elementor-size-xxl{font-size:59px}<\/style><h4 class=\"elementor-heading-title elementor-size-default\">17<\/h4>\t\t<\/div>\n\t\t\t\t<\/div>\n\t\t\t\t<\/div>\n\t\t<div class=\"elementor-element elementor-element-f6d6aec e-con-full e-flex e-con\" data-id=\"f6d6aec\" data-element_type=\"container\" data-settings=\"{&quot;content_width&quot;:&quot;full&quot;}\">\n\t\t\t\t<div class=\"elementor-element elementor-element-3789531 elementor-widget elementor-widget-heading\" data-id=\"3789531\" data-element_type=\"widget\" data-widget_type=\"heading.default\">\n\t\t\t\t<div class=\"elementor-widget-container\">\n\t\t\t<h2 class=\"elementor-heading-title elementor-size-default\">Gesch\u00e4fte in Albanien<\/h2>\t\t<\/div>\n\t\t\t\t<\/div>\n\t\t\t\t<\/div>\n\t\t\t\t\t<\/div>\n\t\t\t\t<\/div>\n\t\t\t\t<div class=\"elementor-element elementor-element-8940b09 elementor-widget elementor-widget-text-editor\" data-id=\"8940b09\" data-element_type=\"widget\" data-widget_type=\"text-editor.default\">\n\t\t\t\t<div class=\"elementor-widget-container\">\n\t\t\t<style>\/*! elementor - v3.15.0 - 09-08-2023 *\/\n.elementor-widget-text-editor.elementor-drop-cap-view-stacked .elementor-drop-cap{background-color:#69727d;color:#fff}.elementor-widget-text-editor.elementor-drop-cap-view-framed .elementor-drop-cap{color:#69727d;border:3px solid;background-color:transparent}.elementor-widget-text-editor:not(.elementor-drop-cap-view-default) .elementor-drop-cap{margin-top:8px}.elementor-widget-text-editor:not(.elementor-drop-cap-view-default) .elementor-drop-cap-letter{width:1em;height:1em}.elementor-widget-text-editor .elementor-drop-cap{float:left;text-align:center;line-height:1;font-size:50px}.elementor-widget-text-editor .elementor-drop-cap-letter{display:inline-block}<\/style>\t\t\t\t<b>Verkaufsgesch\u00e4fte, \u201cDegert Auto\u201d. <\/b>\n\n\u201cDegert Auto\u201d hat das Branchennetz erweitert, um physisch n\u00e4her an den Kunden zu sein und deren Bed\u00fcrfnisse so weit wie m\u00f6glich zu erf\u00fcllen.\n\n Das Unternehmen ist mit 16 Filialen in den gr\u00f6\u00dften St\u00e4dten des Landes vertreten. Unser zuk\u00fcnftiges Ziel besteht darin, die Er\u00f6ffnung von zwei weiteren Filialen im Zeitraum 2023-2024 abzuschlie\u00dfen. Das Unternehmen hat darauf geachtet, dass alle Gesch\u00e4fte das gleiche Design und den gleichen Stil haben, die es deutlich von anderen unterscheiden.\n\n Unsere Gesch\u00e4fte bieten jederzeit eine Vielzahl von Produkten und Dienstleistungen an. \n\nJedes unserer Gesch\u00e4fte verf\u00fcgt \u00fcber eine strategische Lage, die einen Blick auf die Umgebung erm\u00f6glicht und gleichzeitig ein gut zug\u00e4ngliches Gel\u00e4nde bietet, auf dem Sie Ihre Fahrzeuge bequem abstellen k\u00f6nnen, w\u00e4hrend Sie von unserem Verkaufspersonal bedient werden.\t\t\t\t\t\t<\/div>\n\t\t\t\t<\/div>\n\t\t\t\t<\/div>\n\t\t<div class=\"elementor-element elementor-element-a75d243 e-con-full e-flex elementor-invisible e-con\" data-id=\"a75d243\" data-element_type=\"container\" data-settings=\"{&quot;content_width&quot;:&quot;full&quot;,&quot;animation&quot;:&quot;fadeInRight&quot;}\">\n\t\t\t\t<div class=\"elementor-element elementor-element-a6a2b31 image-about single-category elementor-widget elementor-widget-image\" data-id=\"a6a2b31\" data-element_type=\"widget\" data-widget_type=\"image.default\">\n\t\t\t\t<div class=\"elementor-widget-container\">\n\t\t\t<style>\/*! elementor - v3.15.0 - 09-08-2023 *\/\n.elementor-widget-image{text-align:center}.elementor-widget-image a{display:inline-block}.elementor-widget-image a img[src$=\".svg\"]{width:48px}.elementor-widget-image img{vertical-align:middle;display:inline-block}<\/style>\t\t\t\t\t\t\t\t\t\t\t\t<img loading=\"lazy\" decoding=\"async\" width=\"1000\" height=\"667\" src=\"https:\/\/degertauto.com\/wp-content\/uploads\/2023\/10\/departamenti-shitjeve2023.jpg\" class=\"attachment-full size-full wp-image-5744\" alt=\"\" srcset=\"https:\/\/degertauto.com\/wp-content\/uploads\/2023\/10\/departamenti-shitjeve2023.jpg 1000w, https:\/\/degertauto.com\/wp-content\/uploads\/2023\/10\/departamenti-shitjeve2023-300x200.jpg 300w, https:\/\/degertauto.com\/wp-content\/uploads\/2023\/10\/departamenti-shitjeve2023-768x512.jpg 768w\" sizes=\"auto, (max-width: 1000px) 100vw, 1000px\" \/>\t\t\t\t\t\t\t\t\t\t\t\t\t\t\t<\/div>\n\t\t\t\t<\/div>\n\t\t\t\t<\/div>\n\t\t\t\t\t<\/div>\n\t\t\t\t<\/div>\n\t\t\t\t\t\t\t<\/div>\n\t\t","protected":false},"excerpt":{"rendered":"<p>Zur\u00fcck 17 Gesch\u00e4fte in Albanien Verkaufsgesch\u00e4fte, \u201cDegert Auto\u201d. \u201cDegert Auto\u201d hat das Branchennetz erweitert, um physisch n\u00e4her an den Kunden zu sein und deren Bed\u00fcrfnisse so weit wie m\u00f6glich zu erf\u00fcllen. Das Unternehmen ist mit 16 Filialen in den gr\u00f6\u00dften St\u00e4dten des Landes vertreten. Unser zuk\u00fcnftiges Ziel besteht darin, die Er\u00f6ffnung von zwei weiteren Filialen [&hellip;]<\/p>\n","protected":false},"author":1,"featured_media":0,"parent":0,"menu_order":0,"comment_status":"closed","ping_status":"closed","template":"elementor_header_footer","meta":{"footnotes":""},"class_list":["post-6313","page","type-page","status-publish","hentry"],"acf":[],"_links":{"self":[{"href":"https:\/\/degertauto.com\/de\/wp-json\/wp\/v2\/pages\/6313","targetHints":{"allow":["GET"]}}],"collection":[{"href":"https:\/\/degertauto.com\/de\/wp-json\/wp\/v2\/pages"}],"about":[{"href":"https:\/\/degertauto.com\/de\/wp-json\/wp\/v2\/types\/page"}],"author":[{"embeddable":true,"href":"https:\/\/degertauto.com\/de\/wp-json\/wp\/v2\/users\/1"}],"replies":[{"embeddable":true,"href":"https:\/\/degertauto.com\/de\/wp-json\/wp\/v2\/comments?post=6313"}],"version-history":[{"count":13,"href":"https:\/\/degertauto.com\/de\/wp-json\/wp\/v2\/pages\/6313\/revisions"}],"predecessor-version":[{"id":9639,"href":"https:\/\/degertauto.com\/de\/wp-json\/wp\/v2\/pages\/6313\/revisions\/9639"}],"wp:attachment":[{"href":"https:\/\/degertauto.com\/de\/wp-json\/wp\/v2\/media?parent=6313"}],"curies":[{"name":"wp","href":"https:\/\/api.w.org\/{rel}","templated":true}]}}