{"id":6316,"date":"2023-10-05T15:09:03","date_gmt":"2023-10-05T15:09:03","guid":{"rendered":"https:\/\/degertauto.web-devtesting.xyz\/automjete-per-dergimin-e-porosive\/"},"modified":"2023-10-27T12:28:06","modified_gmt":"2023-10-27T12:28:06","slug":"fahrzeuge-zur-auslieferung-von-kundenauftraegen","status":"publish","type":"page","link":"https:\/\/degertauto.com\/de\/fahrzeuge-zur-auslieferung-von-kundenauftraegen\/","title":{"rendered":"Fahrzeuge zur Auslieferung von Kundenauftr\u00e4gen"},"content":{"rendered":"\t\t<div data-elementor-type=\"wp-page\" data-elementor-id=\"6316\" class=\"elementor elementor-6316 elementor-3427\">\n\t\t\t\t\t\t\t<div class=\"elementor-element elementor-element-3b38df0 e-flex e-con-boxed e-con\" data-id=\"3b38df0\" data-element_type=\"container\" data-settings=\"{&quot;background_background&quot;:&quot;classic&quot;,&quot;content_width&quot;:&quot;boxed&quot;}\">\n\t\t\t\t\t<div class=\"e-con-inner\">\n\t\t\t\t<div class=\"elementor-element elementor-element-dac7616 elementor-widget elementor-widget-button\" data-id=\"dac7616\" data-element_type=\"widget\" data-widget_type=\"button.default\">\n\t\t\t\t<div class=\"elementor-widget-container\">\n\t\t\t\t\t<div class=\"elementor-button-wrapper\">\n\t\t\t<a class=\"elementor-button elementor-button-link elementor-size-sm\" href=\"\/de\/ueber-uns\/\">\n\t\t\t\t\t\t<span class=\"elementor-button-content-wrapper\">\n\t\t\t\t\t\t<span class=\"elementor-button-icon elementor-align-icon-left\">\n\t\t\t\t<i aria-hidden=\"true\" class=\"fas fa-long-arrow-alt-left\"><\/i>\t\t\t<\/span>\n\t\t\t\t\t\t<span class=\"elementor-button-text\">Zur\u00fcck<\/span>\n\t\t<\/span>\n\t\t\t\t\t<\/a>\n\t\t<\/div>\n\t\t\t\t<\/div>\n\t\t\t\t<\/div>\n\t\t\t\t\t<\/div>\n\t\t\t\t<\/div>\n\t\t<div class=\"elementor-element elementor-element-fcc7ca4 home-about e-flex e-con-boxed e-con\" data-id=\"fcc7ca4\" data-element_type=\"container\" data-settings=\"{&quot;content_width&quot;:&quot;boxed&quot;}\">\n\t\t\t\t\t<div class=\"e-con-inner\">\n\t\t<div class=\"elementor-element elementor-element-7e35436 e-con-full left-col-about e-flex elementor-invisible e-con\" data-id=\"7e35436\" data-element_type=\"container\" data-settings=\"{&quot;content_width&quot;:&quot;full&quot;,&quot;background_background&quot;:&quot;classic&quot;,&quot;animation&quot;:&quot;fadeInLeft&quot;}\">\n\t\t<div class=\"elementor-element elementor-element-3959d77 e-flex e-con-boxed e-con\" data-id=\"3959d77\" data-element_type=\"container\" data-settings=\"{&quot;content_width&quot;:&quot;boxed&quot;}\">\n\t\t\t\t\t<div class=\"e-con-inner\">\n\t\t<div class=\"elementor-element elementor-element-905a8da e-con-full e-flex e-con\" data-id=\"905a8da\" data-element_type=\"container\" data-settings=\"{&quot;content_width&quot;:&quot;full&quot;}\">\n\t\t\t\t<div class=\"elementor-element elementor-element-4045a5d elementor-widget elementor-widget-heading\" data-id=\"4045a5d\" data-element_type=\"widget\" data-widget_type=\"heading.default\">\n\t\t\t\t<div class=\"elementor-widget-container\">\n\t\t\t<style>\/*! elementor - v3.15.0 - 09-08-2023 *\/\n.elementor-heading-title{padding:0;margin:0;line-height:1}.elementor-widget-heading .elementor-heading-title[class*=elementor-size-]>a{color:inherit;font-size:inherit;line-height:inherit}.elementor-widget-heading .elementor-heading-title.elementor-size-small{font-size:15px}.elementor-widget-heading .elementor-heading-title.elementor-size-medium{font-size:19px}.elementor-widget-heading .elementor-heading-title.elementor-size-large{font-size:29px}.elementor-widget-heading .elementor-heading-title.elementor-size-xl{font-size:39px}.elementor-widget-heading .elementor-heading-title.elementor-size-xxl{font-size:59px}<\/style><h4 class=\"elementor-heading-title elementor-size-default\">70<\/h4>\t\t<\/div>\n\t\t\t\t<\/div>\n\t\t\t\t<\/div>\n\t\t<div class=\"elementor-element elementor-element-01593da e-con-full e-flex e-con\" data-id=\"01593da\" data-element_type=\"container\" data-settings=\"{&quot;content_width&quot;:&quot;full&quot;}\">\n\t\t\t\t<div class=\"elementor-element elementor-element-12bf36a elementor-widget elementor-widget-heading\" data-id=\"12bf36a\" data-element_type=\"widget\" data-widget_type=\"heading.default\">\n\t\t\t\t<div class=\"elementor-widget-container\">\n\t\t\t<h2 class=\"elementor-heading-title elementor-size-default\">Fahrzeuge zur Auslieferung von Kundenauftr\u00e4gen<\/h2>\t\t<\/div>\n\t\t\t\t<\/div>\n\t\t\t\t<\/div>\n\t\t\t\t\t<\/div>\n\t\t\t\t<\/div>\n\t\t\t\t<div class=\"elementor-element elementor-element-8042ab2 elementor-widget elementor-widget-text-editor\" data-id=\"8042ab2\" data-element_type=\"widget\" data-widget_type=\"text-editor.default\">\n\t\t\t\t<div class=\"elementor-widget-container\">\n\t\t\t<style>\/*! elementor - v3.15.0 - 09-08-2023 *\/\n.elementor-widget-text-editor.elementor-drop-cap-view-stacked .elementor-drop-cap{background-color:#69727d;color:#fff}.elementor-widget-text-editor.elementor-drop-cap-view-framed .elementor-drop-cap{color:#69727d;border:3px solid;background-color:transparent}.elementor-widget-text-editor:not(.elementor-drop-cap-view-default) .elementor-drop-cap{margin-top:8px}.elementor-widget-text-editor:not(.elementor-drop-cap-view-default) .elementor-drop-cap-letter{width:1em;height:1em}.elementor-widget-text-editor .elementor-drop-cap{float:left;text-align:center;line-height:1;font-size:50px}.elementor-widget-text-editor .elementor-drop-cap-letter{display:inline-block}<\/style>\t\t\t\tDie gefestigte Marktposition erm\u00f6glicht es uns, bedeutende Lagerbest\u00e4nde haupts\u00e4chlich in unserem Vertriebszentrum zu halten. Diese Lagerkapazit\u00e4t, optimal kombiniert mit der hocheffizienten Infrastruktur und Vertriebskette, garantiert uns, die Marktanforderungen schnell zu erf\u00fcllen.\n\n Unsere Flotte von Transportfahrzeugen erm\u00f6glicht den Transport von Produkten in Rekordzeit und garantiert so einen qualitativ hochwertigen Service f\u00fcr die Kunden.\t\t\t\t\t\t<\/div>\n\t\t\t\t<\/div>\n\t\t\t\t<\/div>\n\t\t<div class=\"elementor-element elementor-element-5752118 e-con-full e-flex elementor-invisible e-con\" data-id=\"5752118\" data-element_type=\"container\" data-settings=\"{&quot;content_width&quot;:&quot;full&quot;,&quot;animation&quot;:&quot;fadeInRight&quot;}\">\n\t\t\t\t<div class=\"elementor-element elementor-element-226b73e image-about single-category elementor-widget elementor-widget-image\" data-id=\"226b73e\" data-element_type=\"widget\" data-widget_type=\"image.default\">\n\t\t\t\t<div class=\"elementor-widget-container\">\n\t\t\t<style>\/*! elementor - v3.15.0 - 09-08-2023 *\/\n.elementor-widget-image{text-align:center}.elementor-widget-image a{display:inline-block}.elementor-widget-image a img[src$=\".svg\"]{width:48px}.elementor-widget-image img{vertical-align:middle;display:inline-block}<\/style>\t\t\t\t\t\t\t\t\t\t\t\t<img loading=\"lazy\" decoding=\"async\" width=\"1920\" height=\"960\" src=\"https:\/\/degertauto.com\/wp-content\/uploads\/2023\/10\/degertauto-cover.jpg\" class=\"attachment-full size-full wp-image-5412\" alt=\"\" srcset=\"https:\/\/degertauto.com\/wp-content\/uploads\/2023\/10\/degertauto-cover.jpg 1920w, https:\/\/degertauto.com\/wp-content\/uploads\/2023\/10\/degertauto-cover-300x150.jpg 300w, https:\/\/degertauto.com\/wp-content\/uploads\/2023\/10\/degertauto-cover-1024x512.jpg 1024w, https:\/\/degertauto.com\/wp-content\/uploads\/2023\/10\/degertauto-cover-768x384.jpg 768w, https:\/\/degertauto.com\/wp-content\/uploads\/2023\/10\/degertauto-cover-1536x768.jpg 1536w\" sizes=\"auto, (max-width: 1920px) 100vw, 1920px\" \/>\t\t\t\t\t\t\t\t\t\t\t\t\t\t\t<\/div>\n\t\t\t\t<\/div>\n\t\t\t\t<\/div>\n\t\t\t\t\t<\/div>\n\t\t\t\t<\/div>\n\t\t\t\t\t\t\t<\/div>\n\t\t","protected":false},"excerpt":{"rendered":"<p>Zur\u00fcck 70 Fahrzeuge zur Auslieferung von Kundenauftr\u00e4gen Die gefestigte Marktposition erm\u00f6glicht es uns, bedeutende Lagerbest\u00e4nde haupts\u00e4chlich in unserem Vertriebszentrum zu halten. Diese Lagerkapazit\u00e4t, optimal kombiniert mit der hocheffizienten Infrastruktur und Vertriebskette, garantiert uns, die Marktanforderungen schnell zu erf\u00fcllen. Unsere Flotte von Transportfahrzeugen erm\u00f6glicht den Transport von Produkten in Rekordzeit und garantiert so einen qualitativ hochwertigen [&hellip;]<\/p>\n","protected":false},"author":1,"featured_media":0,"parent":0,"menu_order":0,"comment_status":"closed","ping_status":"closed","template":"elementor_header_footer","meta":{"footnotes":""},"class_list":["post-6316","page","type-page","status-publish","hentry"],"acf":[],"_links":{"self":[{"href":"https:\/\/degertauto.com\/de\/wp-json\/wp\/v2\/pages\/6316","targetHints":{"allow":["GET"]}}],"collection":[{"href":"https:\/\/degertauto.com\/de\/wp-json\/wp\/v2\/pages"}],"about":[{"href":"https:\/\/degertauto.com\/de\/wp-json\/wp\/v2\/types\/page"}],"author":[{"embeddable":true,"href":"https:\/\/degertauto.com\/de\/wp-json\/wp\/v2\/users\/1"}],"replies":[{"embeddable":true,"href":"https:\/\/degertauto.com\/de\/wp-json\/wp\/v2\/comments?post=6316"}],"version-history":[{"count":10,"href":"https:\/\/degertauto.com\/de\/wp-json\/wp\/v2\/pages\/6316\/revisions"}],"predecessor-version":[{"id":6647,"href":"https:\/\/degertauto.com\/de\/wp-json\/wp\/v2\/pages\/6316\/revisions\/6647"}],"wp:attachment":[{"href":"https:\/\/degertauto.com\/de\/wp-json\/wp\/v2\/media?parent=6316"}],"curies":[{"name":"wp","href":"https:\/\/api.w.org\/{rel}","templated":true}]}}