{"id":6317,"date":"2023-10-05T15:16:21","date_gmt":"2023-10-05T15:16:21","guid":{"rendered":"https:\/\/degertauto.web-devtesting.xyz\/game-e-gjere-produktesh\/"},"modified":"2023-10-31T13:18:29","modified_gmt":"2023-10-31T13:18:29","slug":"grosse-produktpalette","status":"publish","type":"page","link":"https:\/\/degertauto.com\/de\/grosse-produktpalette\/","title":{"rendered":"Gro\u00dfe Produktpalette"},"content":{"rendered":"\t\t<div data-elementor-type=\"wp-page\" data-elementor-id=\"6317\" class=\"elementor elementor-6317 elementor-3433\">\n\t\t\t\t\t\t\t<div class=\"elementor-element elementor-element-44219d3 e-flex e-con-boxed e-con\" data-id=\"44219d3\" data-element_type=\"container\" data-settings=\"{&quot;background_background&quot;:&quot;classic&quot;,&quot;content_width&quot;:&quot;boxed&quot;}\">\n\t\t\t\t\t<div class=\"e-con-inner\">\n\t\t\t\t<div class=\"elementor-element elementor-element-b4fb9d8 elementor-widget elementor-widget-button\" data-id=\"b4fb9d8\" data-element_type=\"widget\" data-widget_type=\"button.default\">\n\t\t\t\t<div class=\"elementor-widget-container\">\n\t\t\t\t\t<div class=\"elementor-button-wrapper\">\n\t\t\t<a class=\"elementor-button elementor-button-link elementor-size-sm\" href=\"\/rreth-nesh\/\">\n\t\t\t\t\t\t<span class=\"elementor-button-content-wrapper\">\n\t\t\t\t\t\t<span class=\"elementor-button-icon elementor-align-icon-left\">\n\t\t\t\t<i aria-hidden=\"true\" class=\"fas fa-long-arrow-alt-left\"><\/i>\t\t\t<\/span>\n\t\t\t\t\t\t<span class=\"elementor-button-text\">Zur\u00fcck<\/span>\n\t\t<\/span>\n\t\t\t\t\t<\/a>\n\t\t<\/div>\n\t\t\t\t<\/div>\n\t\t\t\t<\/div>\n\t\t\t\t\t<\/div>\n\t\t\t\t<\/div>\n\t\t<div class=\"elementor-element elementor-element-4d93205 home-about e-flex e-con-boxed e-con\" data-id=\"4d93205\" data-element_type=\"container\" data-settings=\"{&quot;content_width&quot;:&quot;boxed&quot;}\">\n\t\t\t\t\t<div class=\"e-con-inner\">\n\t\t<div class=\"elementor-element elementor-element-ea39aca e-con-full left-col-about e-flex elementor-invisible e-con\" data-id=\"ea39aca\" data-element_type=\"container\" data-settings=\"{&quot;content_width&quot;:&quot;full&quot;,&quot;background_background&quot;:&quot;classic&quot;,&quot;animation&quot;:&quot;fadeInLeft&quot;}\">\n\t\t<div class=\"elementor-element elementor-element-a255d00 e-flex e-con-boxed e-con\" data-id=\"a255d00\" data-element_type=\"container\" data-settings=\"{&quot;content_width&quot;:&quot;boxed&quot;}\">\n\t\t\t\t\t<div class=\"e-con-inner\">\n\t\t<div class=\"elementor-element elementor-element-1a67cea e-con-full e-flex e-con\" data-id=\"1a67cea\" data-element_type=\"container\" data-settings=\"{&quot;content_width&quot;:&quot;full&quot;}\">\n\t\t\t\t<div class=\"elementor-element elementor-element-86cb8e7 elementor-widget elementor-widget-heading\" data-id=\"86cb8e7\" data-element_type=\"widget\" data-widget_type=\"heading.default\">\n\t\t\t\t<div class=\"elementor-widget-container\">\n\t\t\t<style>\/*! elementor - v3.15.0 - 09-08-2023 *\/\n.elementor-heading-title{padding:0;margin:0;line-height:1}.elementor-widget-heading .elementor-heading-title[class*=elementor-size-]>a{color:inherit;font-size:inherit;line-height:inherit}.elementor-widget-heading .elementor-heading-title.elementor-size-small{font-size:15px}.elementor-widget-heading .elementor-heading-title.elementor-size-medium{font-size:19px}.elementor-widget-heading .elementor-heading-title.elementor-size-large{font-size:29px}.elementor-widget-heading .elementor-heading-title.elementor-size-xl{font-size:39px}.elementor-widget-heading .elementor-heading-title.elementor-size-xxl{font-size:59px}<\/style><h4 class=\"elementor-heading-title elementor-size-default\">100.000\n<\/h4>\t\t<\/div>\n\t\t\t\t<\/div>\n\t\t\t\t<\/div>\n\t\t<div class=\"elementor-element elementor-element-8849ce2 e-con-full e-flex e-con\" data-id=\"8849ce2\" data-element_type=\"container\" data-settings=\"{&quot;content_width&quot;:&quot;full&quot;}\">\n\t\t\t\t<div class=\"elementor-element elementor-element-b3b87f7 elementor-widget elementor-widget-heading\" data-id=\"b3b87f7\" data-element_type=\"widget\" data-widget_type=\"heading.default\">\n\t\t\t\t<div class=\"elementor-widget-container\">\n\t\t\t<h2 class=\"elementor-heading-title elementor-size-default\">Gro\u00dfe Produktpalette, \u00fcber 100.000 Produkte f\u00fcr Kunden verf\u00fcgbar<\/h2>\t\t<\/div>\n\t\t\t\t<\/div>\n\t\t\t\t<\/div>\n\t\t\t\t\t<\/div>\n\t\t\t\t<\/div>\n\t\t\t\t<div class=\"elementor-element elementor-element-1a133a4 elementor-widget elementor-widget-text-editor\" data-id=\"1a133a4\" data-element_type=\"widget\" data-widget_type=\"text-editor.default\">\n\t\t\t\t<div class=\"elementor-widget-container\">\n\t\t\t<style>\/*! elementor - v3.15.0 - 09-08-2023 *\/\n.elementor-widget-text-editor.elementor-drop-cap-view-stacked .elementor-drop-cap{background-color:#69727d;color:#fff}.elementor-widget-text-editor.elementor-drop-cap-view-framed .elementor-drop-cap{color:#69727d;border:3px solid;background-color:transparent}.elementor-widget-text-editor:not(.elementor-drop-cap-view-default) .elementor-drop-cap{margin-top:8px}.elementor-widget-text-editor:not(.elementor-drop-cap-view-default) .elementor-drop-cap-letter{width:1em;height:1em}.elementor-widget-text-editor .elementor-drop-cap{float:left;text-align:center;line-height:1;font-size:50px}.elementor-widget-text-editor .elementor-drop-cap-letter{display:inline-block}<\/style>\t\t\t\t<p>Unser Sortiment umfasst \u00fcber 100.000 hochwertige Ersatzteilprodukte. Von Produkten, die leichte und schwere Nutzfahrzeuge unterst\u00fctzen, bis hin zu Schmierstoffen.<br><span style=\"color: var( --e-global-color-text ); text-align: var(--text-align);\"><br>Wir beliefern mehr als 3.000 Kunden in allen Teilen Albaniens im Einzel- und Gro\u00dfhandel und st\u00e4rken gleichzeitig unsere Exportlinie. Wir sind weiterhin die erste Wahl f\u00fcr diejenigen, die unsere Produkte nachfragen.<br><\/span><span style=\"color: var( --e-global-color-text ); text-align: var(--text-align);\"><br>Die vielf\u00e4ltige Produktpalette hat uns zu einem Marktf\u00fchrer auf dem einheimischen Markt gemacht, mit dem echten Ziel, den globalen Markt zu erschlie\u00dfen.<\/span><\/p>\t\t\t\t\t\t<\/div>\n\t\t\t\t<\/div>\n\t\t\t\t<\/div>\n\t\t<div class=\"elementor-element elementor-element-ebfaa28 e-con-full e-flex elementor-invisible e-con\" data-id=\"ebfaa28\" data-element_type=\"container\" data-settings=\"{&quot;content_width&quot;:&quot;full&quot;,&quot;animation&quot;:&quot;fadeInRight&quot;}\">\n\t\t\t\t<div class=\"elementor-element elementor-element-252513a image-about single-category elementor-widget elementor-widget-image\" data-id=\"252513a\" data-element_type=\"widget\" data-widget_type=\"image.default\">\n\t\t\t\t<div class=\"elementor-widget-container\">\n\t\t\t<style>\/*! elementor - v3.15.0 - 09-08-2023 *\/\n.elementor-widget-image{text-align:center}.elementor-widget-image a{display:inline-block}.elementor-widget-image a img[src$=\".svg\"]{width:48px}.elementor-widget-image img{vertical-align:middle;display:inline-block}<\/style>\t\t\t\t\t\t\t\t\t\t\t\t<img loading=\"lazy\" decoding=\"async\" width=\"800\" height=\"600\" src=\"https:\/\/degertauto.com\/wp-content\/uploads\/2023\/10\/magazina.jpg\" class=\"attachment-full size-full wp-image-5488\" alt=\"\" srcset=\"https:\/\/degertauto.com\/wp-content\/uploads\/2023\/10\/magazina.jpg 800w, https:\/\/degertauto.com\/wp-content\/uploads\/2023\/10\/magazina-300x225.jpg 300w, https:\/\/degertauto.com\/wp-content\/uploads\/2023\/10\/magazina-768x576.jpg 768w\" sizes=\"auto, (max-width: 800px) 100vw, 800px\" \/>\t\t\t\t\t\t\t\t\t\t\t\t\t\t\t<\/div>\n\t\t\t\t<\/div>\n\t\t\t\t<\/div>\n\t\t\t\t\t<\/div>\n\t\t\t\t<\/div>\n\t\t\t\t\t\t\t<\/div>\n\t\t","protected":false},"excerpt":{"rendered":"<p>Zur\u00fcck 100.000 Gro\u00dfe Produktpalette, \u00fcber 100.000 Produkte f\u00fcr Kunden verf\u00fcgbar Unser Sortiment umfasst \u00fcber 100.000 hochwertige Ersatzteilprodukte. Von Produkten, die leichte und schwere Nutzfahrzeuge unterst\u00fctzen, bis hin zu Schmierstoffen. Wir beliefern mehr als 3.000 Kunden in allen Teilen Albaniens im Einzel- und Gro\u00dfhandel und st\u00e4rken gleichzeitig unsere Exportlinie. Wir sind weiterhin die erste Wahl f\u00fcr [&hellip;]<\/p>\n","protected":false},"author":1,"featured_media":0,"parent":0,"menu_order":0,"comment_status":"closed","ping_status":"closed","template":"elementor_header_footer","meta":{"footnotes":""},"class_list":["post-6317","page","type-page","status-publish","hentry"],"acf":[],"_links":{"self":[{"href":"https:\/\/degertauto.com\/de\/wp-json\/wp\/v2\/pages\/6317","targetHints":{"allow":["GET"]}}],"collection":[{"href":"https:\/\/degertauto.com\/de\/wp-json\/wp\/v2\/pages"}],"about":[{"href":"https:\/\/degertauto.com\/de\/wp-json\/wp\/v2\/types\/page"}],"author":[{"embeddable":true,"href":"https:\/\/degertauto.com\/de\/wp-json\/wp\/v2\/users\/1"}],"replies":[{"embeddable":true,"href":"https:\/\/degertauto.com\/de\/wp-json\/wp\/v2\/comments?post=6317"}],"version-history":[{"count":10,"href":"https:\/\/degertauto.com\/de\/wp-json\/wp\/v2\/pages\/6317\/revisions"}],"predecessor-version":[{"id":7810,"href":"https:\/\/degertauto.com\/de\/wp-json\/wp\/v2\/pages\/6317\/revisions\/7810"}],"wp:attachment":[{"href":"https:\/\/degertauto.com\/de\/wp-json\/wp\/v2\/media?parent=6317"}],"curies":[{"name":"wp","href":"https:\/\/api.w.org\/{rel}","templated":true}]}}