{"id":6330,"date":"2023-10-05T15:03:00","date_gmt":"2023-10-05T15:03:00","guid":{"rendered":"https:\/\/degertauto.web-devtesting.xyz\/staf-i-kualifikuar\/"},"modified":"2024-04-24T09:14:42","modified_gmt":"2024-04-24T09:14:42","slug":"qualifiziertes-personal","status":"publish","type":"page","link":"https:\/\/degertauto.com\/de\/qualifiziertes-personal\/","title":{"rendered":"Qualifiziertes Personal"},"content":{"rendered":"\t\t<div data-elementor-type=\"wp-page\" data-elementor-id=\"6330\" class=\"elementor elementor-6330 elementor-3421\">\n\t\t\t\t\t\t\t<div class=\"elementor-element elementor-element-9944cf2 e-flex e-con-boxed e-con\" data-id=\"9944cf2\" data-element_type=\"container\" data-settings=\"{&quot;background_background&quot;:&quot;classic&quot;,&quot;content_width&quot;:&quot;boxed&quot;}\">\n\t\t\t\t\t<div class=\"e-con-inner\">\n\t\t\t\t<div class=\"elementor-element elementor-element-93859a0 elementor-widget elementor-widget-button\" data-id=\"93859a0\" data-element_type=\"widget\" data-widget_type=\"button.default\">\n\t\t\t\t<div class=\"elementor-widget-container\">\n\t\t\t\t\t<div class=\"elementor-button-wrapper\">\n\t\t\t<a class=\"elementor-button elementor-button-link elementor-size-sm\" href=\"\/de\/ueber-uns\/\">\n\t\t\t\t\t\t<span class=\"elementor-button-content-wrapper\">\n\t\t\t\t\t\t<span class=\"elementor-button-icon elementor-align-icon-left\">\n\t\t\t\t<i aria-hidden=\"true\" class=\"fas fa-long-arrow-alt-left\"><\/i>\t\t\t<\/span>\n\t\t\t\t\t\t<span class=\"elementor-button-text\">Zur\u00fcck<\/span>\n\t\t<\/span>\n\t\t\t\t\t<\/a>\n\t\t<\/div>\n\t\t\t\t<\/div>\n\t\t\t\t<\/div>\n\t\t\t\t\t<\/div>\n\t\t\t\t<\/div>\n\t\t<div class=\"elementor-element elementor-element-72ac7d2 home-about e-flex e-con-boxed e-con\" data-id=\"72ac7d2\" data-element_type=\"container\" data-settings=\"{&quot;content_width&quot;:&quot;boxed&quot;}\">\n\t\t\t\t\t<div class=\"e-con-inner\">\n\t\t<div class=\"elementor-element elementor-element-d8a7ecc e-con-full left-col-about e-flex elementor-invisible e-con\" data-id=\"d8a7ecc\" data-element_type=\"container\" data-settings=\"{&quot;content_width&quot;:&quot;full&quot;,&quot;background_background&quot;:&quot;classic&quot;,&quot;animation&quot;:&quot;fadeInLeft&quot;}\">\n\t\t<div class=\"elementor-element elementor-element-340b893 e-flex e-con-boxed e-con\" data-id=\"340b893\" data-element_type=\"container\" data-settings=\"{&quot;content_width&quot;:&quot;boxed&quot;}\">\n\t\t\t\t\t<div class=\"e-con-inner\">\n\t\t<div class=\"elementor-element elementor-element-183091e e-con-full e-flex e-con\" data-id=\"183091e\" data-element_type=\"container\" data-settings=\"{&quot;content_width&quot;:&quot;full&quot;}\">\n\t\t\t\t<div class=\"elementor-element elementor-element-521b20f elementor-widget elementor-widget-heading\" data-id=\"521b20f\" data-element_type=\"widget\" data-widget_type=\"heading.default\">\n\t\t\t\t<div class=\"elementor-widget-container\">\n\t\t\t<style>\/*! elementor - v3.15.0 - 09-08-2023 *\/\n.elementor-heading-title{padding:0;margin:0;line-height:1}.elementor-widget-heading .elementor-heading-title[class*=elementor-size-]>a{color:inherit;font-size:inherit;line-height:inherit}.elementor-widget-heading .elementor-heading-title.elementor-size-small{font-size:15px}.elementor-widget-heading .elementor-heading-title.elementor-size-medium{font-size:19px}.elementor-widget-heading .elementor-heading-title.elementor-size-large{font-size:29px}.elementor-widget-heading .elementor-heading-title.elementor-size-xl{font-size:39px}.elementor-widget-heading .elementor-heading-title.elementor-size-xxl{font-size:59px}<\/style><h4 class=\"elementor-heading-title elementor-size-default\">150<\/h4>\t\t<\/div>\n\t\t\t\t<\/div>\n\t\t\t\t<\/div>\n\t\t<div class=\"elementor-element elementor-element-f2a5d97 e-con-full e-flex e-con\" data-id=\"f2a5d97\" data-element_type=\"container\" data-settings=\"{&quot;content_width&quot;:&quot;full&quot;}\">\n\t\t\t\t<div class=\"elementor-element elementor-element-bf3aca3 elementor-widget elementor-widget-heading\" data-id=\"bf3aca3\" data-element_type=\"widget\" data-widget_type=\"heading.default\">\n\t\t\t\t<div class=\"elementor-widget-container\">\n\t\t\t<h2 class=\"elementor-heading-title elementor-size-default\">Qualifiziertes Personal mit \u00fcber 150 Mitarbeitern<\/h2>\t\t<\/div>\n\t\t\t\t<\/div>\n\t\t\t\t<\/div>\n\t\t\t\t\t<\/div>\n\t\t\t\t<\/div>\n\t\t\t\t<div class=\"elementor-element elementor-element-ab08e9c elementor-widget elementor-widget-text-editor\" data-id=\"ab08e9c\" data-element_type=\"widget\" data-widget_type=\"text-editor.default\">\n\t\t\t\t<div class=\"elementor-widget-container\">\n\t\t\t<style>\/*! elementor - v3.15.0 - 09-08-2023 *\/\n.elementor-widget-text-editor.elementor-drop-cap-view-stacked .elementor-drop-cap{background-color:#69727d;color:#fff}.elementor-widget-text-editor.elementor-drop-cap-view-framed .elementor-drop-cap{color:#69727d;border:3px solid;background-color:transparent}.elementor-widget-text-editor:not(.elementor-drop-cap-view-default) .elementor-drop-cap{margin-top:8px}.elementor-widget-text-editor:not(.elementor-drop-cap-view-default) .elementor-drop-cap-letter{width:1em;height:1em}.elementor-widget-text-editor .elementor-drop-cap{float:left;text-align:center;line-height:1;font-size:50px}.elementor-widget-text-editor .elementor-drop-cap-letter{display:inline-block}<\/style>\t\t\t\t<p>Humanressourcen sind ein wichtiger Faktor f\u00fcr das Unternehmenswachstum. Aus diesem Grund investieren wir systematisch in die Ausbildung dieser Mitarbeiter in diesem Bereich, um ihre beruflichen F\u00e4higkeiten weiterzuentwickeln.<\/p>\n<p> \u201cDegert Auto\u201d w\u00fcrdigt den unsch\u00e4tzbaren Beitrag seines Personals, die st\u00e4ndigen Bem\u00fchungen und das Engagement f\u00fcr das Wachstum und den st\u00e4ndigen Fortschritt des Unternehmens in mehr als 30 Jahren seiner Marktpr\u00e4senz. Heute z\u00e4hlen wir \u00fcber 150 Mitarbeiter unterschiedlicher Berufsgruppen, die mit ihrer Erfahrung jeden Tag mehr und mehr Spuren in der Geschichte unseres Unternehmens hinterlassen.<\/p>\t\t\t\t\t\t<\/div>\n\t\t\t\t<\/div>\n\t\t\t\t<\/div>\n\t\t<div class=\"elementor-element elementor-element-8f4fbb3 e-con-full e-flex elementor-invisible e-con\" data-id=\"8f4fbb3\" data-element_type=\"container\" data-settings=\"{&quot;content_width&quot;:&quot;full&quot;,&quot;animation&quot;:&quot;fadeInRight&quot;}\">\n\t\t\t\t<div class=\"elementor-element elementor-element-d42807e image-about single-category elementor-widget elementor-widget-image\" data-id=\"d42807e\" data-element_type=\"widget\" data-widget_type=\"image.default\">\n\t\t\t\t<div class=\"elementor-widget-container\">\n\t\t\t<style>\/*! elementor - v3.15.0 - 09-08-2023 *\/\n.elementor-widget-image{text-align:center}.elementor-widget-image a{display:inline-block}.elementor-widget-image a img[src$=\".svg\"]{width:48px}.elementor-widget-image img{vertical-align:middle;display:inline-block}<\/style>\t\t\t\t\t\t\t\t\t\t\t\t<img loading=\"lazy\" decoding=\"async\" width=\"915\" height=\"611\" src=\"https:\/\/degertauto.com\/wp-content\/uploads\/2023\/10\/150punojes.jpg\" class=\"attachment-full size-full wp-image-5344\" alt=\"\" srcset=\"https:\/\/degertauto.com\/wp-content\/uploads\/2023\/10\/150punojes.jpg 915w, https:\/\/degertauto.com\/wp-content\/uploads\/2023\/10\/150punojes-300x200.jpg 300w, https:\/\/degertauto.com\/wp-content\/uploads\/2023\/10\/150punojes-768x513.jpg 768w\" sizes=\"auto, (max-width: 915px) 100vw, 915px\" \/>\t\t\t\t\t\t\t\t\t\t\t\t\t\t\t<\/div>\n\t\t\t\t<\/div>\n\t\t\t\t<\/div>\n\t\t\t\t\t<\/div>\n\t\t\t\t<\/div>\n\t\t\t\t\t\t\t<\/div>\n\t\t","protected":false},"excerpt":{"rendered":"<p>Zur\u00fcck 150 Qualifiziertes Personal mit \u00fcber 150 Mitarbeitern Humanressourcen sind ein wichtiger Faktor f\u00fcr das Unternehmenswachstum. Aus diesem Grund investieren wir systematisch in die Ausbildung dieser Mitarbeiter in diesem Bereich, um ihre beruflichen F\u00e4higkeiten weiterzuentwickeln. \u201cDegert Auto\u201d w\u00fcrdigt den unsch\u00e4tzbaren Beitrag seines Personals, die st\u00e4ndigen Bem\u00fchungen und das Engagement f\u00fcr das Wachstum und den st\u00e4ndigen [&hellip;]<\/p>\n","protected":false},"author":1,"featured_media":0,"parent":0,"menu_order":0,"comment_status":"closed","ping_status":"closed","template":"elementor_header_footer","meta":{"footnotes":""},"class_list":["post-6330","page","type-page","status-publish","hentry"],"acf":[],"_links":{"self":[{"href":"https:\/\/degertauto.com\/de\/wp-json\/wp\/v2\/pages\/6330","targetHints":{"allow":["GET"]}}],"collection":[{"href":"https:\/\/degertauto.com\/de\/wp-json\/wp\/v2\/pages"}],"about":[{"href":"https:\/\/degertauto.com\/de\/wp-json\/wp\/v2\/types\/page"}],"author":[{"embeddable":true,"href":"https:\/\/degertauto.com\/de\/wp-json\/wp\/v2\/users\/1"}],"replies":[{"embeddable":true,"href":"https:\/\/degertauto.com\/de\/wp-json\/wp\/v2\/comments?post=6330"}],"version-history":[{"count":13,"href":"https:\/\/degertauto.com\/de\/wp-json\/wp\/v2\/pages\/6330\/revisions"}],"predecessor-version":[{"id":9481,"href":"https:\/\/degertauto.com\/de\/wp-json\/wp\/v2\/pages\/6330\/revisions\/9481"}],"wp:attachment":[{"href":"https:\/\/degertauto.com\/de\/wp-json\/wp\/v2\/media?parent=6330"}],"curies":[{"name":"wp","href":"https:\/\/api.w.org\/{rel}","templated":true}]}}