{"id":6423,"date":"2023-09-05T10:25:38","date_gmt":"2023-09-05T10:25:38","guid":{"rendered":"https:\/\/degertauto.web-devtesting.xyz\/produkte\/lubrifikante-adetive\/"},"modified":"2024-01-10T11:42:17","modified_gmt":"2024-01-10T11:42:17","slug":"schmierstoffe-additive","status":"publish","type":"page","link":"https:\/\/degertauto.com\/de\/produkte\/schmierstoffe-additive\/","title":{"rendered":"Schmierstoffe &amp; Additive"},"content":{"rendered":"\t\t<div data-elementor-type=\"wp-page\" data-elementor-id=\"6423\" class=\"elementor elementor-6423 elementor-1806\">\n\t\t\t\t\t\t\t<div class=\"elementor-element elementor-element-5f267ec lubrifikante-additive e-flex e-con-boxed e-con\" data-id=\"5f267ec\" data-element_type=\"container\" data-settings=\"{&quot;background_background&quot;:&quot;classic&quot;,&quot;content_width&quot;:&quot;boxed&quot;}\">\n\t\t\t\t\t<div class=\"e-con-inner\">\n\t\t\t\t<div class=\"elementor-element elementor-element-98a5b0a elementor-widget elementor-widget-button\" data-id=\"98a5b0a\" data-element_type=\"widget\" data-widget_type=\"button.default\">\n\t\t\t\t<div class=\"elementor-widget-container\">\n\t\t\t\t\t<div class=\"elementor-button-wrapper\">\n\t\t\t<a class=\"elementor-button elementor-button-link elementor-size-sm\" href=\"\/de\/produkte\/\">\n\t\t\t\t\t\t<span class=\"elementor-button-content-wrapper\">\n\t\t\t\t\t\t<span class=\"elementor-button-icon elementor-align-icon-left\">\n\t\t\t\t<i aria-hidden=\"true\" class=\"fas fa-long-arrow-alt-left\"><\/i>\t\t\t<\/span>\n\t\t\t\t\t\t<span class=\"elementor-button-text\">Zur\u00fcck<\/span>\n\t\t<\/span>\n\t\t\t\t\t<\/a>\n\t\t<\/div>\n\t\t\t\t<\/div>\n\t\t\t\t<\/div>\n\t\t\t\t\t<\/div>\n\t\t\t\t<\/div>\n\t\t<div class=\"elementor-element elementor-element-667b07b home-about e-flex e-con-boxed e-con\" data-id=\"667b07b\" data-element_type=\"container\" data-settings=\"{&quot;content_width&quot;:&quot;boxed&quot;}\">\n\t\t\t\t\t<div class=\"e-con-inner\">\n\t\t<div class=\"elementor-element elementor-element-0efac86 e-con-full left-col-about e-flex elementor-invisible e-con\" data-id=\"0efac86\" data-element_type=\"container\" data-settings=\"{&quot;content_width&quot;:&quot;full&quot;,&quot;animation&quot;:&quot;fadeInLeft&quot;}\">\n\t\t\t\t<div class=\"elementor-element elementor-element-b2b725b elementor-widget elementor-widget-heading\" data-id=\"b2b725b\" data-element_type=\"widget\" data-widget_type=\"heading.default\">\n\t\t\t\t<div class=\"elementor-widget-container\">\n\t\t\t<style>\/*! elementor - v3.15.0 - 09-08-2023 *\/\n.elementor-heading-title{padding:0;margin:0;line-height:1}.elementor-widget-heading .elementor-heading-title[class*=elementor-size-]>a{color:inherit;font-size:inherit;line-height:inherit}.elementor-widget-heading .elementor-heading-title.elementor-size-small{font-size:15px}.elementor-widget-heading .elementor-heading-title.elementor-size-medium{font-size:19px}.elementor-widget-heading .elementor-heading-title.elementor-size-large{font-size:29px}.elementor-widget-heading .elementor-heading-title.elementor-size-xl{font-size:39px}.elementor-widget-heading .elementor-heading-title.elementor-size-xxl{font-size:59px}<\/style><h4 class=\"elementor-heading-title elementor-size-default\">Degert Auto sha<\/h4>\t\t<\/div>\n\t\t\t\t<\/div>\n\t\t\t\t<div class=\"elementor-element elementor-element-a7d65a3 elementor-widget elementor-widget-heading\" data-id=\"a7d65a3\" data-element_type=\"widget\" data-widget_type=\"heading.default\">\n\t\t\t\t<div class=\"elementor-widget-container\">\n\t\t\t<h2 class=\"elementor-heading-title elementor-size-default\">Schmierstoffe & Additive<\/h2>\t\t<\/div>\n\t\t\t\t<\/div>\n\t\t\t\t<div class=\"elementor-element elementor-element-9acb0f1 elementor-widget elementor-widget-text-editor\" data-id=\"9acb0f1\" data-element_type=\"widget\" data-widget_type=\"text-editor.default\">\n\t\t\t\t<div class=\"elementor-widget-container\">\n\t\t\t<style>\/*! elementor - v3.15.0 - 09-08-2023 *\/\n.elementor-widget-text-editor.elementor-drop-cap-view-stacked .elementor-drop-cap{background-color:#69727d;color:#fff}.elementor-widget-text-editor.elementor-drop-cap-view-framed .elementor-drop-cap{color:#69727d;border:3px solid;background-color:transparent}.elementor-widget-text-editor:not(.elementor-drop-cap-view-default) .elementor-drop-cap{margin-top:8px}.elementor-widget-text-editor:not(.elementor-drop-cap-view-default) .elementor-drop-cap-letter{width:1em;height:1em}.elementor-widget-text-editor .elementor-drop-cap{float:left;text-align:center;line-height:1;font-size:50px}.elementor-widget-text-editor .elementor-drop-cap-letter{display:inline-block}<\/style>\t\t\t\t\u00dcber unsere besten Partner bieten wir technisch hochwertige synthetische, vollsynthetische und mineralische Schmierstoffe f\u00fcr Ihr Auto an. Wir bieten Motoren\u00f6le, Getriebe\u00f6le (automatische und manuelle LKWs), Industrie\u00f6le, Additive, Serviceprodukte, Spezialprodukte usw. In der breiten Palette dieser Produkte nehmen Additive einen wichtigen Platz ein, die dazu dienen, Ihrem Transportmittel eine hervorragende Leistung zu verleihen.\t\t\t\t\t\t<\/div>\n\t\t\t\t<\/div>\n\t\t\t\t<div class=\"elementor-element elementor-element-e93006c elementor-widget elementor-widget-text-editor\" data-id=\"e93006c\" data-element_type=\"widget\" data-widget_type=\"text-editor.default\">\n\t\t\t\t<div class=\"elementor-widget-container\">\n\t\t\t\t\t\t\tWeitere Informationen finden Sie auf der offiziellen Website unserer Partner:\t\t\t\t\t\t<\/div>\n\t\t\t\t<\/div>\n\t\t<div class=\"elementor-element elementor-element-726d0c4 partners-degert e-flex e-con-boxed e-con\" data-id=\"726d0c4\" data-element_type=\"container\" data-settings=\"{&quot;content_width&quot;:&quot;boxed&quot;}\">\n\t\t\t\t\t<div class=\"e-con-inner\">\n\t\t<div class=\"elementor-element elementor-element-2f63fc8 e-con-full e-flex e-con\" data-id=\"2f63fc8\" data-element_type=\"container\" data-settings=\"{&quot;content_width&quot;:&quot;full&quot;}\">\n\t\t\t\t<div class=\"elementor-element elementor-element-30e60ad elementor-widget elementor-widget-image\" data-id=\"30e60ad\" data-element_type=\"widget\" data-widget_type=\"image.default\">\n\t\t\t\t<div class=\"elementor-widget-container\">\n\t\t\t<style>\/*! elementor - v3.15.0 - 09-08-2023 *\/\n.elementor-widget-image{text-align:center}.elementor-widget-image a{display:inline-block}.elementor-widget-image a img[src$=\".svg\"]{width:48px}.elementor-widget-image img{vertical-align:middle;display:inline-block}<\/style>\t\t\t\t\t\t\t\t\t\t\t\t<img loading=\"lazy\" decoding=\"async\" width=\"360\" height=\"180\" src=\"https:\/\/degertauto.com\/wp-content\/uploads\/2024\/01\/uni.png\" class=\"attachment-full size-full wp-image-9104\" alt=\"\" srcset=\"https:\/\/degertauto.com\/wp-content\/uploads\/2024\/01\/uni.png 360w, https:\/\/degertauto.com\/wp-content\/uploads\/2024\/01\/uni-300x150.png 300w\" sizes=\"auto, (max-width: 360px) 100vw, 360px\" \/>\t\t\t\t\t\t\t\t\t\t\t\t\t\t\t<\/div>\n\t\t\t\t<\/div>\n\t\t\t\t<\/div>\n\t\t<div class=\"elementor-element elementor-element-2816206 e-con-full e-flex e-con\" data-id=\"2816206\" data-element_type=\"container\" data-settings=\"{&quot;content_width&quot;:&quot;full&quot;}\">\n\t\t\t\t<div class=\"elementor-element elementor-element-14c11e1 elementor-widget elementor-widget-image\" data-id=\"14c11e1\" data-element_type=\"widget\" data-widget_type=\"image.default\">\n\t\t\t\t<div class=\"elementor-widget-container\">\n\t\t\t\t\t\t\t\t\t\t\t\t\t\t\t<img loading=\"lazy\" decoding=\"async\" width=\"360\" height=\"180\" src=\"https:\/\/degertauto.com\/wp-content\/uploads\/2024\/01\/proficar.jpg\" class=\"attachment-full size-full wp-image-9109\" alt=\"\" srcset=\"https:\/\/degertauto.com\/wp-content\/uploads\/2024\/01\/proficar.jpg 360w, https:\/\/degertauto.com\/wp-content\/uploads\/2024\/01\/proficar-300x150.jpg 300w\" sizes=\"auto, (max-width: 360px) 100vw, 360px\" \/>\t\t\t\t\t\t\t\t\t\t\t\t\t\t\t<\/div>\n\t\t\t\t<\/div>\n\t\t\t\t<\/div>\n\t\t<div class=\"elementor-element elementor-element-7c32248 e-con-full e-flex e-con\" data-id=\"7c32248\" data-element_type=\"container\" data-settings=\"{&quot;content_width&quot;:&quot;full&quot;}\">\n\t\t\t\t<div class=\"elementor-element elementor-element-985909e elementor-widget elementor-widget-image\" data-id=\"985909e\" data-element_type=\"widget\" data-widget_type=\"image.default\">\n\t\t\t\t<div class=\"elementor-widget-container\">\n\t\t\t\t\t\t\t\t\t\t\t\t\t\t\t<img loading=\"lazy\" decoding=\"async\" width=\"360\" height=\"180\" src=\"https:\/\/degertauto.com\/wp-content\/uploads\/2024\/01\/ONE-ok.png\" class=\"attachment-full size-full wp-image-9114\" alt=\"\" srcset=\"https:\/\/degertauto.com\/wp-content\/uploads\/2024\/01\/ONE-ok.png 360w, https:\/\/degertauto.com\/wp-content\/uploads\/2024\/01\/ONE-ok-300x150.png 300w\" sizes=\"auto, (max-width: 360px) 100vw, 360px\" \/>\t\t\t\t\t\t\t\t\t\t\t\t\t\t\t<\/div>\n\t\t\t\t<\/div>\n\t\t\t\t<\/div>\n\t\t<div class=\"elementor-element elementor-element-643e610 e-con-full e-flex e-con\" data-id=\"643e610\" data-element_type=\"container\" data-settings=\"{&quot;content_width&quot;:&quot;full&quot;}\">\n\t\t\t\t<div class=\"elementor-element elementor-element-507c115 elementor-widget elementor-widget-image\" data-id=\"507c115\" data-element_type=\"widget\" data-widget_type=\"image.default\">\n\t\t\t\t<div class=\"elementor-widget-container\">\n\t\t\t\t\t\t\t\t\t\t\t\t\t\t\t<img loading=\"lazy\" decoding=\"async\" width=\"360\" height=\"180\" src=\"https:\/\/degertauto.com\/wp-content\/uploads\/2024\/01\/unil.png\" class=\"attachment-full size-full wp-image-9119\" alt=\"\" srcset=\"https:\/\/degertauto.com\/wp-content\/uploads\/2024\/01\/unil.png 360w, https:\/\/degertauto.com\/wp-content\/uploads\/2024\/01\/unil-300x150.png 300w\" sizes=\"auto, (max-width: 360px) 100vw, 360px\" \/>\t\t\t\t\t\t\t\t\t\t\t\t\t\t\t<\/div>\n\t\t\t\t<\/div>\n\t\t\t\t<\/div>\n\t\t\t\t\t<\/div>\n\t\t\t\t<\/div>\n\t\t\t\t<\/div>\n\t\t<div class=\"elementor-element elementor-element-d73019e e-con-full e-flex elementor-invisible e-con\" data-id=\"d73019e\" data-element_type=\"container\" data-settings=\"{&quot;content_width&quot;:&quot;full&quot;,&quot;animation&quot;:&quot;fadeInRight&quot;}\">\n\t\t\t\t<div class=\"elementor-element elementor-element-878956c image-about single-category elementor-widget elementor-widget-image\" data-id=\"878956c\" data-element_type=\"widget\" data-widget_type=\"image.default\">\n\t\t\t\t<div class=\"elementor-widget-container\">\n\t\t\t\t\t\t\t\t\t\t\t\t\t\t\t<img loading=\"lazy\" decoding=\"async\" width=\"1000\" height=\"734\" src=\"https:\/\/degertauto.com\/wp-content\/uploads\/2023\/10\/oil-degert.jpg\" class=\"attachment-full size-full wp-image-5520\" alt=\"\" srcset=\"https:\/\/degertauto.com\/wp-content\/uploads\/2023\/10\/oil-degert.jpg 1000w, https:\/\/degertauto.com\/wp-content\/uploads\/2023\/10\/oil-degert-300x220.jpg 300w, https:\/\/degertauto.com\/wp-content\/uploads\/2023\/10\/oil-degert-768x564.jpg 768w\" sizes=\"auto, (max-width: 1000px) 100vw, 1000px\" \/>\t\t\t\t\t\t\t\t\t\t\t\t\t\t\t<\/div>\n\t\t\t\t<\/div>\n\t\t\t\t<div class=\"elementor-element elementor-element-d92a26e image-about single-category elementor-widget elementor-widget-image\" data-id=\"d92a26e\" data-element_type=\"widget\" data-widget_type=\"image.default\">\n\t\t\t\t<div class=\"elementor-widget-container\">\n\t\t\t\t\t\t\t\t\t\t\t\t\t\t\t<img loading=\"lazy\" decoding=\"async\" width=\"377\" height=\"135\" src=\"https:\/\/degertauto.com\/wp-content\/uploads\/2023\/10\/LUBRIFIKANATE-DHE-ADETIVE.png\" class=\"attachment-full size-full wp-image-5632\" alt=\"\" srcset=\"https:\/\/degertauto.com\/wp-content\/uploads\/2023\/10\/LUBRIFIKANATE-DHE-ADETIVE.png 377w, https:\/\/degertauto.com\/wp-content\/uploads\/2023\/10\/LUBRIFIKANATE-DHE-ADETIVE-300x107.png 300w\" sizes=\"auto, (max-width: 377px) 100vw, 377px\" \/>\t\t\t\t\t\t\t\t\t\t\t\t\t\t\t<\/div>\n\t\t\t\t<\/div>\n\t\t\t\t<\/div>\n\t\t\t\t\t<\/div>\n\t\t\t\t<\/div>\n\t\t\t\t\t\t\t<\/div>\n\t\t","protected":false},"excerpt":{"rendered":"<p>Zur\u00fcck Degert Auto sha Schmierstoffe &#038; Additive \u00dcber unsere besten Partner bieten wir technisch hochwertige synthetische, vollsynthetische und mineralische Schmierstoffe f\u00fcr Ihr Auto an. Wir bieten Motoren\u00f6le, Getriebe\u00f6le (automatische und manuelle LKWs), Industrie\u00f6le, Additive, Serviceprodukte, Spezialprodukte usw. In der breiten Palette dieser Produkte nehmen Additive einen wichtigen Platz ein, die dazu dienen, Ihrem Transportmittel eine [&hellip;]<\/p>\n","protected":false},"author":1,"featured_media":0,"parent":6298,"menu_order":0,"comment_status":"closed","ping_status":"closed","template":"elementor_header_footer","meta":{"footnotes":""},"class_list":["post-6423","page","type-page","status-publish","hentry"],"acf":[],"_links":{"self":[{"href":"https:\/\/degertauto.com\/de\/wp-json\/wp\/v2\/pages\/6423","targetHints":{"allow":["GET"]}}],"collection":[{"href":"https:\/\/degertauto.com\/de\/wp-json\/wp\/v2\/pages"}],"about":[{"href":"https:\/\/degertauto.com\/de\/wp-json\/wp\/v2\/types\/page"}],"author":[{"embeddable":true,"href":"https:\/\/degertauto.com\/de\/wp-json\/wp\/v2\/users\/1"}],"replies":[{"embeddable":true,"href":"https:\/\/degertauto.com\/de\/wp-json\/wp\/v2\/comments?post=6423"}],"version-history":[{"count":16,"href":"https:\/\/degertauto.com\/de\/wp-json\/wp\/v2\/pages\/6423\/revisions"}],"predecessor-version":[{"id":9132,"href":"https:\/\/degertauto.com\/de\/wp-json\/wp\/v2\/pages\/6423\/revisions\/9132"}],"up":[{"embeddable":true,"href":"https:\/\/degertauto.com\/de\/wp-json\/wp\/v2\/pages\/6298"}],"wp:attachment":[{"href":"https:\/\/degertauto.com\/de\/wp-json\/wp\/v2\/media?parent=6423"}],"curies":[{"name":"wp","href":"https:\/\/api.w.org\/{rel}","templated":true}]}}