{"id":6424,"date":"2023-09-05T10:30:54","date_gmt":"2023-09-05T10:30:54","guid":{"rendered":"https:\/\/degertauto.web-devtesting.xyz\/produkte\/bateri\/"},"modified":"2024-01-10T11:44:19","modified_gmt":"2024-01-10T11:44:19","slug":"batterien","status":"publish","type":"page","link":"https:\/\/degertauto.com\/de\/produkte\/batterien\/","title":{"rendered":"Batterien"},"content":{"rendered":"\t\t<div data-elementor-type=\"wp-page\" data-elementor-id=\"6424\" class=\"elementor elementor-6424 elementor-1821\">\n\t\t\t\t\t\t\t<div class=\"elementor-element elementor-element-096429f e-flex e-con-boxed e-con\" data-id=\"096429f\" data-element_type=\"container\" data-settings=\"{&quot;background_background&quot;:&quot;classic&quot;,&quot;content_width&quot;:&quot;boxed&quot;}\">\n\t\t\t\t\t<div class=\"e-con-inner\">\n\t\t\t\t<div class=\"elementor-element elementor-element-b01ae52 elementor-widget elementor-widget-button\" data-id=\"b01ae52\" data-element_type=\"widget\" data-widget_type=\"button.default\">\n\t\t\t\t<div class=\"elementor-widget-container\">\n\t\t\t\t\t<div class=\"elementor-button-wrapper\">\n\t\t\t<a class=\"elementor-button elementor-button-link elementor-size-sm\" href=\"\/de\/produkte\/\">\n\t\t\t\t\t\t<span class=\"elementor-button-content-wrapper\">\n\t\t\t\t\t\t<span class=\"elementor-button-icon elementor-align-icon-left\">\n\t\t\t\t<i aria-hidden=\"true\" class=\"fas fa-long-arrow-alt-left\"><\/i>\t\t\t<\/span>\n\t\t\t\t\t\t<span class=\"elementor-button-text\">Zur\u00fcck<\/span>\n\t\t<\/span>\n\t\t\t\t\t<\/a>\n\t\t<\/div>\n\t\t\t\t<\/div>\n\t\t\t\t<\/div>\n\t\t\t\t\t<\/div>\n\t\t\t\t<\/div>\n\t\t<div class=\"elementor-element elementor-element-8f48c91 home-about e-flex e-con-boxed e-con\" data-id=\"8f48c91\" data-element_type=\"container\" data-settings=\"{&quot;content_width&quot;:&quot;boxed&quot;}\">\n\t\t\t\t\t<div class=\"e-con-inner\">\n\t\t<div class=\"elementor-element elementor-element-6d79bbb e-con-full e-flex elementor-invisible e-con\" data-id=\"6d79bbb\" data-element_type=\"container\" data-settings=\"{&quot;content_width&quot;:&quot;full&quot;,&quot;animation&quot;:&quot;fadeInLeft&quot;}\">\n\t\t\t\t<div class=\"elementor-element elementor-element-17d341e elementor-widget elementor-widget-heading\" data-id=\"17d341e\" data-element_type=\"widget\" data-widget_type=\"heading.default\">\n\t\t\t\t<div class=\"elementor-widget-container\">\n\t\t\t<style>\/*! elementor - v3.15.0 - 09-08-2023 *\/\n.elementor-heading-title{padding:0;margin:0;line-height:1}.elementor-widget-heading .elementor-heading-title[class*=elementor-size-]>a{color:inherit;font-size:inherit;line-height:inherit}.elementor-widget-heading .elementor-heading-title.elementor-size-small{font-size:15px}.elementor-widget-heading .elementor-heading-title.elementor-size-medium{font-size:19px}.elementor-widget-heading .elementor-heading-title.elementor-size-large{font-size:29px}.elementor-widget-heading .elementor-heading-title.elementor-size-xl{font-size:39px}.elementor-widget-heading .elementor-heading-title.elementor-size-xxl{font-size:59px}<\/style><h4 class=\"elementor-heading-title elementor-size-default\">Degert Auto sha<\/h4>\t\t<\/div>\n\t\t\t\t<\/div>\n\t\t\t\t<div class=\"elementor-element elementor-element-07131af elementor-widget elementor-widget-heading\" data-id=\"07131af\" data-element_type=\"widget\" data-widget_type=\"heading.default\">\n\t\t\t\t<div class=\"elementor-widget-container\">\n\t\t\t<h2 class=\"elementor-heading-title elementor-size-default\">Bateri<\/h2>\t\t<\/div>\n\t\t\t\t<\/div>\n\t\t\t\t<div class=\"elementor-element elementor-element-f36833c elementor-widget elementor-widget-text-editor\" data-id=\"f36833c\" data-element_type=\"widget\" data-widget_type=\"text-editor.default\">\n\t\t\t\t<div class=\"elementor-widget-container\">\n\t\t\t<style>\/*! elementor - v3.15.0 - 09-08-2023 *\/\n.elementor-widget-text-editor.elementor-drop-cap-view-stacked .elementor-drop-cap{background-color:#69727d;color:#fff}.elementor-widget-text-editor.elementor-drop-cap-view-framed .elementor-drop-cap{color:#69727d;border:3px solid;background-color:transparent}.elementor-widget-text-editor:not(.elementor-drop-cap-view-default) .elementor-drop-cap{margin-top:8px}.elementor-widget-text-editor:not(.elementor-drop-cap-view-default) .elementor-drop-cap-letter{width:1em;height:1em}.elementor-widget-text-editor .elementor-drop-cap{float:left;text-align:center;line-height:1;font-size:50px}.elementor-widget-text-editor .elementor-drop-cap-letter{display:inline-block}<\/style>\t\t\t\tBatterien spielen in Ihrem Fahrzeug eine Schl\u00fcsselrolle. Aus diesem Grund hat unser Unternehmen darauf geachtet, Partner auszuw\u00e4hlen, die weltweit Batterien von h\u00f6chster Qualit\u00e4t herstellen. Bei den Batterien, die wir an unsere Kunden verkaufen, handelt es sich um Batterien:\t\t\t\t\t\t<\/div>\n\t\t\t\t<\/div>\n\t\t\t\t<div class=\"elementor-element elementor-element-dc2a3a8 elementor-icon-list--layout-traditional elementor-list-item-link-full_width elementor-widget elementor-widget-icon-list\" data-id=\"dc2a3a8\" data-element_type=\"widget\" data-widget_type=\"icon-list.default\">\n\t\t\t\t<div class=\"elementor-widget-container\">\n\t\t\t<link rel=\"stylesheet\" href=\"https:\/\/degertauto.com\/wp-content\/plugins\/elementor\/assets\/css\/widget-icon-list.min.css\">\t\t<ul class=\"elementor-icon-list-items\">\n\t\t\t\t\t\t\t<li class=\"elementor-icon-list-item\">\n\t\t\t\t\t\t\t\t\t\t\t<span class=\"elementor-icon-list-icon\">\n\t\t\t\t\t\t\t<i aria-hidden=\"true\" class=\"fas fa-check\"><\/i>\t\t\t\t\t\t<\/span>\n\t\t\t\t\t\t\t\t\t\t<span class=\"elementor-icon-list-text\">Batterien, die f\u00fcr Langlebigkeit sorgen<\/span>\n\t\t\t\t\t\t\t\t\t<\/li>\n\t\t\t\t\t\t\t\t<li class=\"elementor-icon-list-item\">\n\t\t\t\t\t\t\t\t\t\t\t<span class=\"elementor-icon-list-icon\">\n\t\t\t\t\t\t\t<i aria-hidden=\"true\" class=\"fas fa-check\"><\/i>\t\t\t\t\t\t<\/span>\n\t\t\t\t\t\t\t\t\t\t<span class=\"elementor-icon-list-text\">Geeignet f\u00fcr kaltes Klima<\/span>\n\t\t\t\t\t\t\t\t\t<\/li>\n\t\t\t\t\t\t\t\t<li class=\"elementor-icon-list-item\">\n\t\t\t\t\t\t\t\t\t\t\t<span class=\"elementor-icon-list-icon\">\n\t\t\t\t\t\t\t<i aria-hidden=\"true\" class=\"fas fa-check\"><\/i>\t\t\t\t\t\t<\/span>\n\t\t\t\t\t\t\t\t\t\t<span class=\"elementor-icon-list-text\">Geeignet f\u00fcr warmes Klima<\/span>\n\t\t\t\t\t\t\t\t\t<\/li>\n\t\t\t\t\t\t\t\t<li class=\"elementor-icon-list-item\">\n\t\t\t\t\t\t\t\t\t\t\t<span class=\"elementor-icon-list-icon\">\n\t\t\t\t\t\t\t<i aria-hidden=\"true\" class=\"fas fa-check\"><\/i>\t\t\t\t\t\t<\/span>\n\t\t\t\t\t\t\t\t\t\t<span class=\"elementor-icon-list-text\">Vibrationsfester Akku<\/span>\n\t\t\t\t\t\t\t\t\t<\/li>\n\t\t\t\t\t\t<\/ul>\n\t\t\t\t<\/div>\n\t\t\t\t<\/div>\n\t\t\t\t<div class=\"elementor-element elementor-element-b1813ef elementor-widget elementor-widget-text-editor\" data-id=\"b1813ef\" data-element_type=\"widget\" data-widget_type=\"text-editor.default\">\n\t\t\t\t<div class=\"elementor-widget-container\">\n\t\t\t\t\t\t\tWeitere Informationen finden Sie auf der offiziellen Website unserer Partner:\t\t\t\t\t\t<\/div>\n\t\t\t\t<\/div>\n\t\t<div class=\"elementor-element elementor-element-5c47a75 partners-degert e-flex e-con-boxed e-con\" data-id=\"5c47a75\" data-element_type=\"container\" data-settings=\"{&quot;content_width&quot;:&quot;boxed&quot;}\">\n\t\t\t\t\t<div class=\"e-con-inner\">\n\t\t<div class=\"elementor-element elementor-element-c77c66d e-con-full e-flex e-con\" data-id=\"c77c66d\" data-element_type=\"container\" data-settings=\"{&quot;content_width&quot;:&quot;full&quot;}\">\n\t\t\t\t<div class=\"elementor-element elementor-element-3c84e97 elementor-widget elementor-widget-image\" data-id=\"3c84e97\" data-element_type=\"widget\" data-widget_type=\"image.default\">\n\t\t\t\t<div class=\"elementor-widget-container\">\n\t\t\t<style>\/*! elementor - v3.15.0 - 09-08-2023 *\/\n.elementor-widget-image{text-align:center}.elementor-widget-image a{display:inline-block}.elementor-widget-image a img[src$=\".svg\"]{width:48px}.elementor-widget-image img{vertical-align:middle;display:inline-block}<\/style>\t\t\t\t\t\t\t\t\t\t\t\t<img loading=\"lazy\" decoding=\"async\" width=\"360\" height=\"180\" src=\"https:\/\/degertauto.com\/wp-content\/uploads\/2023\/10\/uni.png\" class=\"attachment-full size-full wp-image-5232\" alt=\"\" srcset=\"https:\/\/degertauto.com\/wp-content\/uploads\/2023\/10\/uni.png 360w, https:\/\/degertauto.com\/wp-content\/uploads\/2023\/10\/uni-300x150.png 300w\" sizes=\"auto, (max-width: 360px) 100vw, 360px\" \/>\t\t\t\t\t\t\t\t\t\t\t\t\t\t\t<\/div>\n\t\t\t\t<\/div>\n\t\t\t\t<\/div>\n\t\t<div class=\"elementor-element elementor-element-29f8c28 e-con-full e-flex e-con\" data-id=\"29f8c28\" data-element_type=\"container\" data-settings=\"{&quot;content_width&quot;:&quot;full&quot;}\">\n\t\t\t\t<div class=\"elementor-element elementor-element-ad8c1a6 elementor-widget elementor-widget-image\" data-id=\"ad8c1a6\" data-element_type=\"widget\" data-widget_type=\"image.default\">\n\t\t\t\t<div class=\"elementor-widget-container\">\n\t\t\t\t\t\t\t\t\t\t\t\t\t\t\t<img loading=\"lazy\" decoding=\"async\" width=\"360\" height=\"180\" src=\"https:\/\/degertauto.com\/wp-content\/uploads\/2023\/10\/duracell-logo.jpg\" class=\"attachment-full size-full wp-image-5764\" alt=\"\" srcset=\"https:\/\/degertauto.com\/wp-content\/uploads\/2023\/10\/duracell-logo.jpg 360w, https:\/\/degertauto.com\/wp-content\/uploads\/2023\/10\/duracell-logo-300x150.jpg 300w\" sizes=\"auto, (max-width: 360px) 100vw, 360px\" \/>\t\t\t\t\t\t\t\t\t\t\t\t\t\t\t<\/div>\n\t\t\t\t<\/div>\n\t\t\t\t<\/div>\n\t\t<div class=\"elementor-element elementor-element-9816951 e-con-full e-flex e-con\" data-id=\"9816951\" data-element_type=\"container\" data-settings=\"{&quot;content_width&quot;:&quot;full&quot;}\">\n\t\t\t\t<div class=\"elementor-element elementor-element-8895ba5 elementor-widget elementor-widget-image\" data-id=\"8895ba5\" data-element_type=\"widget\" data-widget_type=\"image.default\">\n\t\t\t\t<div class=\"elementor-widget-container\">\n\t\t\t\t\t\t\t\t\t\t\t\t\t\t\t<img loading=\"lazy\" decoding=\"async\" width=\"360\" height=\"180\" src=\"https:\/\/degertauto.com\/wp-content\/uploads\/2023\/10\/ONE-ok.png\" class=\"attachment-full size-full wp-image-5208\" alt=\"\" srcset=\"https:\/\/degertauto.com\/wp-content\/uploads\/2023\/10\/ONE-ok.png 360w, https:\/\/degertauto.com\/wp-content\/uploads\/2023\/10\/ONE-ok-300x150.png 300w\" sizes=\"auto, (max-width: 360px) 100vw, 360px\" \/>\t\t\t\t\t\t\t\t\t\t\t\t\t\t\t<\/div>\n\t\t\t\t<\/div>\n\t\t\t\t<\/div>\n\t\t\t\t\t<\/div>\n\t\t\t\t<\/div>\n\t\t\t\t<\/div>\n\t\t<div class=\"elementor-element elementor-element-12827a7 e-con-full e-flex elementor-invisible e-con\" data-id=\"12827a7\" data-element_type=\"container\" data-settings=\"{&quot;content_width&quot;:&quot;full&quot;,&quot;animation&quot;:&quot;fadeInRight&quot;,&quot;background_background&quot;:&quot;classic&quot;}\">\n\t\t\t\t<div class=\"elementor-element elementor-element-c4250f6 image-about single-category elementor-widget elementor-widget-image\" data-id=\"c4250f6\" data-element_type=\"widget\" data-widget_type=\"image.default\">\n\t\t\t\t<div class=\"elementor-widget-container\">\n\t\t\t\t\t\t\t\t\t\t\t\t\t\t\t<img loading=\"lazy\" decoding=\"async\" width=\"1320\" height=\"950\" src=\"https:\/\/degertauto.com\/wp-content\/uploads\/2023\/10\/bateri.jpg\" class=\"attachment-full size-full wp-image-5644\" alt=\"\" srcset=\"https:\/\/degertauto.com\/wp-content\/uploads\/2023\/10\/bateri.jpg 1320w, https:\/\/degertauto.com\/wp-content\/uploads\/2023\/10\/bateri-300x216.jpg 300w, https:\/\/degertauto.com\/wp-content\/uploads\/2023\/10\/bateri-1024x737.jpg 1024w, https:\/\/degertauto.com\/wp-content\/uploads\/2023\/10\/bateri-768x553.jpg 768w\" sizes=\"auto, (max-width: 1320px) 100vw, 1320px\" \/>\t\t\t\t\t\t\t\t\t\t\t\t\t\t\t<\/div>\n\t\t\t\t<\/div>\n\t\t\t\t<\/div>\n\t\t\t\t\t<\/div>\n\t\t\t\t<\/div>\n\t\t\t\t\t\t\t<\/div>\n\t\t","protected":false},"excerpt":{"rendered":"<p>Zur\u00fcck Degert Auto sha Bateri Batterien spielen in Ihrem Fahrzeug eine Schl\u00fcsselrolle. Aus diesem Grund hat unser Unternehmen darauf geachtet, Partner auszuw\u00e4hlen, die weltweit Batterien von h\u00f6chster Qualit\u00e4t herstellen. Bei den Batterien, die wir an unsere Kunden verkaufen, handelt es sich um Batterien: Batterien, die f\u00fcr Langlebigkeit sorgen Geeignet f\u00fcr kaltes Klima Geeignet f\u00fcr warmes [&hellip;]<\/p>\n","protected":false},"author":1,"featured_media":0,"parent":6298,"menu_order":0,"comment_status":"closed","ping_status":"closed","template":"elementor_header_footer","meta":{"footnotes":""},"class_list":["post-6424","page","type-page","status-publish","hentry"],"acf":[],"_links":{"self":[{"href":"https:\/\/degertauto.com\/de\/wp-json\/wp\/v2\/pages\/6424","targetHints":{"allow":["GET"]}}],"collection":[{"href":"https:\/\/degertauto.com\/de\/wp-json\/wp\/v2\/pages"}],"about":[{"href":"https:\/\/degertauto.com\/de\/wp-json\/wp\/v2\/types\/page"}],"author":[{"embeddable":true,"href":"https:\/\/degertauto.com\/de\/wp-json\/wp\/v2\/users\/1"}],"replies":[{"embeddable":true,"href":"https:\/\/degertauto.com\/de\/wp-json\/wp\/v2\/comments?post=6424"}],"version-history":[{"count":16,"href":"https:\/\/degertauto.com\/de\/wp-json\/wp\/v2\/pages\/6424\/revisions"}],"predecessor-version":[{"id":9141,"href":"https:\/\/degertauto.com\/de\/wp-json\/wp\/v2\/pages\/6424\/revisions\/9141"}],"up":[{"embeddable":true,"href":"https:\/\/degertauto.com\/de\/wp-json\/wp\/v2\/pages\/6298"}],"wp:attachment":[{"href":"https:\/\/degertauto.com\/de\/wp-json\/wp\/v2\/media?parent=6424"}],"curies":[{"name":"wp","href":"https:\/\/api.w.org\/{rel}","templated":true}]}}