{"id":6425,"date":"2023-09-05T10:37:16","date_gmt":"2023-09-05T10:37:16","guid":{"rendered":"https:\/\/degertauto.web-devtesting.xyz\/produkte\/pjese-karamboli\/"},"modified":"2024-01-10T11:50:18","modified_gmt":"2024-01-10T11:50:18","slug":"karambolenteile","status":"publish","type":"page","link":"https:\/\/degertauto.com\/de\/produkte\/karambolenteile\/","title":{"rendered":"Karambolenteile"},"content":{"rendered":"\t\t<div data-elementor-type=\"wp-page\" data-elementor-id=\"6425\" class=\"elementor elementor-6425 elementor-1830\">\n\t\t\t\t\t\t\t<div class=\"elementor-element elementor-element-e5fb260 e-flex e-con-boxed e-con\" data-id=\"e5fb260\" data-element_type=\"container\" data-settings=\"{&quot;background_background&quot;:&quot;classic&quot;,&quot;content_width&quot;:&quot;boxed&quot;}\">\n\t\t\t\t\t<div class=\"e-con-inner\">\n\t\t\t\t<div class=\"elementor-element elementor-element-8e8a92c elementor-widget elementor-widget-button\" data-id=\"8e8a92c\" data-element_type=\"widget\" data-widget_type=\"button.default\">\n\t\t\t\t<div class=\"elementor-widget-container\">\n\t\t\t\t\t<div class=\"elementor-button-wrapper\">\n\t\t\t<a class=\"elementor-button elementor-button-link elementor-size-sm\" href=\"\/de\/produkte\/\">\n\t\t\t\t\t\t<span class=\"elementor-button-content-wrapper\">\n\t\t\t\t\t\t<span class=\"elementor-button-icon elementor-align-icon-left\">\n\t\t\t\t<i aria-hidden=\"true\" class=\"fas fa-long-arrow-alt-left\"><\/i>\t\t\t<\/span>\n\t\t\t\t\t\t<span class=\"elementor-button-text\">Zur\u00fcck<\/span>\n\t\t<\/span>\n\t\t\t\t\t<\/a>\n\t\t<\/div>\n\t\t\t\t<\/div>\n\t\t\t\t<\/div>\n\t\t\t\t\t<\/div>\n\t\t\t\t<\/div>\n\t\t<div class=\"elementor-element elementor-element-5e08655 home-about e-flex e-con-boxed e-con\" data-id=\"5e08655\" data-element_type=\"container\" data-settings=\"{&quot;content_width&quot;:&quot;boxed&quot;}\">\n\t\t\t\t\t<div class=\"e-con-inner\">\n\t\t<div class=\"elementor-element elementor-element-dd403ce e-con-full e-flex elementor-invisible e-con\" data-id=\"dd403ce\" data-element_type=\"container\" data-settings=\"{&quot;content_width&quot;:&quot;full&quot;,&quot;animation&quot;:&quot;fadeInLeft&quot;}\">\n\t\t\t\t<div class=\"elementor-element elementor-element-0308150 elementor-widget elementor-widget-heading\" data-id=\"0308150\" data-element_type=\"widget\" data-widget_type=\"heading.default\">\n\t\t\t\t<div class=\"elementor-widget-container\">\n\t\t\t<style>\/*! elementor - v3.15.0 - 09-08-2023 *\/\n.elementor-heading-title{padding:0;margin:0;line-height:1}.elementor-widget-heading .elementor-heading-title[class*=elementor-size-]>a{color:inherit;font-size:inherit;line-height:inherit}.elementor-widget-heading .elementor-heading-title.elementor-size-small{font-size:15px}.elementor-widget-heading .elementor-heading-title.elementor-size-medium{font-size:19px}.elementor-widget-heading .elementor-heading-title.elementor-size-large{font-size:29px}.elementor-widget-heading .elementor-heading-title.elementor-size-xl{font-size:39px}.elementor-widget-heading .elementor-heading-title.elementor-size-xxl{font-size:59px}<\/style><h4 class=\"elementor-heading-title elementor-size-default\">Degert Auto sha<\/h4>\t\t<\/div>\n\t\t\t\t<\/div>\n\t\t\t\t<div class=\"elementor-element elementor-element-0da5dba elementor-widget elementor-widget-heading\" data-id=\"0da5dba\" data-element_type=\"widget\" data-widget_type=\"heading.default\">\n\t\t\t\t<div class=\"elementor-widget-container\">\n\t\t\t<h2 class=\"elementor-heading-title elementor-size-default\">Karambolenteile<\/h2>\t\t<\/div>\n\t\t\t\t<\/div>\n\t\t\t\t<div class=\"elementor-element elementor-element-31185e7 elementor-widget elementor-widget-text-editor\" data-id=\"31185e7\" data-element_type=\"widget\" data-widget_type=\"text-editor.default\">\n\t\t\t\t<div class=\"elementor-widget-container\">\n\t\t\t<style>\/*! elementor - v3.15.0 - 09-08-2023 *\/\n.elementor-widget-text-editor.elementor-drop-cap-view-stacked .elementor-drop-cap{background-color:#69727d;color:#fff}.elementor-widget-text-editor.elementor-drop-cap-view-framed .elementor-drop-cap{color:#69727d;border:3px solid;background-color:transparent}.elementor-widget-text-editor:not(.elementor-drop-cap-view-default) .elementor-drop-cap{margin-top:8px}.elementor-widget-text-editor:not(.elementor-drop-cap-view-default) .elementor-drop-cap-letter{width:1em;height:1em}.elementor-widget-text-editor .elementor-drop-cap{float:left;text-align:center;line-height:1;font-size:50px}.elementor-widget-text-editor .elementor-drop-cap-letter{display:inline-block}<\/style>\t\t\t\tAufgrund der breiten Palette an Karambol-Ersatzteilen, die wir anbieten, k\u00f6nnen wir nun mit Sicherheit sagen, dass wir der Hauptlieferant dieser Produkte auf dem heimischen Markt und dar\u00fcber hinaus sind, und dies ist der Zusammenarbeit mit den renommiertesten Marken auf der ganzen Welt zu verdanken. Mit diesen Produkten wie Bodykit, Sto\u00dfstange und Hecksto\u00dfstange, Kotfl\u00fcgel und Motorhaube, Scheinwerfer und Blinker, Spiegel und Glas, Spiegelkappen, anderes Zubeh\u00f6r usw. k\u00f6nnen Sie Ihr Auto in Bezug auf Autoteile (Au\u00dfenteile) komplett vervollst\u00e4ndigen. \t\t\t\t\t\t<\/div>\n\t\t\t\t<\/div>\n\t\t\t\t<div class=\"elementor-element elementor-element-4262118 elementor-widget elementor-widget-text-editor\" data-id=\"4262118\" data-element_type=\"widget\" data-widget_type=\"text-editor.default\">\n\t\t\t\t<div class=\"elementor-widget-container\">\n\t\t\t\t\t\t\tWeitere Informationen finden Sie auf der offiziellen Website unserer Partner:\t\t\t\t\t\t<\/div>\n\t\t\t\t<\/div>\n\t\t<div class=\"elementor-element elementor-element-8a23026 partners-degert e-flex e-con-boxed e-con\" data-id=\"8a23026\" data-element_type=\"container\" data-settings=\"{&quot;content_width&quot;:&quot;boxed&quot;}\">\n\t\t\t\t\t<div class=\"e-con-inner\">\n\t\t<div class=\"elementor-element elementor-element-e4c71f5 e-con-full e-flex e-con\" data-id=\"e4c71f5\" data-element_type=\"container\" data-settings=\"{&quot;content_width&quot;:&quot;full&quot;}\">\n\t\t\t\t<div class=\"elementor-element elementor-element-49a3844 elementor-widget elementor-widget-image\" data-id=\"49a3844\" data-element_type=\"widget\" data-widget_type=\"image.default\">\n\t\t\t\t<div class=\"elementor-widget-container\">\n\t\t\t<style>\/*! elementor - v3.15.0 - 09-08-2023 *\/\n.elementor-widget-image{text-align:center}.elementor-widget-image a{display:inline-block}.elementor-widget-image a img[src$=\".svg\"]{width:48px}.elementor-widget-image img{vertical-align:middle;display:inline-block}<\/style>\t\t\t\t\t\t\t\t\t\t\t\t\t<a href=\"https:\/\/www.depoautolamp.com\/index_en.php\" target=\"_blank\">\n\t\t\t\t\t\t\t<img loading=\"lazy\" decoding=\"async\" width=\"360\" height=\"180\" src=\"https:\/\/degertauto.com\/wp-content\/uploads\/2023\/12\/depo.png\" class=\"attachment-full size-full wp-image-8724\" alt=\"\" srcset=\"https:\/\/degertauto.com\/wp-content\/uploads\/2023\/12\/depo.png 360w, https:\/\/degertauto.com\/wp-content\/uploads\/2023\/12\/depo-300x150.png 300w\" sizes=\"auto, (max-width: 360px) 100vw, 360px\" \/>\t\t\t\t\t\t\t\t<\/a>\n\t\t\t\t\t\t\t\t\t\t\t\t\t\t\t<\/div>\n\t\t\t\t<\/div>\n\t\t\t\t<\/div>\n\t\t<div class=\"elementor-element elementor-element-3b13fd2 e-con-full e-flex e-con\" data-id=\"3b13fd2\" data-element_type=\"container\" data-settings=\"{&quot;content_width&quot;:&quot;full&quot;}\">\n\t\t\t\t<div class=\"elementor-element elementor-element-7f78ac1 elementor-widget elementor-widget-image\" data-id=\"7f78ac1\" data-element_type=\"widget\" data-widget_type=\"image.default\">\n\t\t\t\t<div class=\"elementor-widget-container\">\n\t\t\t\t\t\t\t\t\t\t\t\t\t\t\t\t<a href=\"https:\/\/www.hella.com\/techworld\/au\/Passenger-car-parts-44829\/\" target=\"_blank\">\n\t\t\t\t\t\t\t<img loading=\"lazy\" decoding=\"async\" width=\"360\" height=\"180\" src=\"https:\/\/degertauto.com\/wp-content\/uploads\/2023\/12\/hella-1.jpg\" class=\"attachment-full size-full wp-image-8749\" alt=\"\" srcset=\"https:\/\/degertauto.com\/wp-content\/uploads\/2023\/12\/hella-1.jpg 360w, https:\/\/degertauto.com\/wp-content\/uploads\/2023\/12\/hella-1-300x150.jpg 300w\" sizes=\"auto, (max-width: 360px) 100vw, 360px\" \/>\t\t\t\t\t\t\t\t<\/a>\n\t\t\t\t\t\t\t\t\t\t\t\t\t\t\t<\/div>\n\t\t\t\t<\/div>\n\t\t\t\t<\/div>\n\t\t<div class=\"elementor-element elementor-element-f39efd6 e-con-full e-flex e-con\" data-id=\"f39efd6\" data-element_type=\"container\" data-settings=\"{&quot;content_width&quot;:&quot;full&quot;}\">\n\t\t\t\t<div class=\"elementor-element elementor-element-9bfca42 elementor-widget elementor-widget-image\" data-id=\"9bfca42\" data-element_type=\"widget\" data-widget_type=\"image.default\">\n\t\t\t\t<div class=\"elementor-widget-container\">\n\t\t\t\t\t\t\t\t\t\t\t\t\t\t\t\t<a href=\"https:\/\/ulo.de\/en\">\n\t\t\t\t\t\t\t<img loading=\"lazy\" decoding=\"async\" width=\"360\" height=\"180\" src=\"https:\/\/degertauto.com\/wp-content\/uploads\/2023\/12\/ulo.png\" class=\"attachment-full size-full wp-image-8744\" alt=\"\" srcset=\"https:\/\/degertauto.com\/wp-content\/uploads\/2023\/12\/ulo.png 360w, https:\/\/degertauto.com\/wp-content\/uploads\/2023\/12\/ulo-300x150.png 300w\" sizes=\"auto, (max-width: 360px) 100vw, 360px\" \/>\t\t\t\t\t\t\t\t<\/a>\n\t\t\t\t\t\t\t\t\t\t\t\t\t\t\t<\/div>\n\t\t\t\t<\/div>\n\t\t\t\t<\/div>\n\t\t<div class=\"elementor-element elementor-element-f0dd913 e-con-full e-flex e-con\" data-id=\"f0dd913\" data-element_type=\"container\" data-settings=\"{&quot;content_width&quot;:&quot;full&quot;}\">\n\t\t\t\t<div class=\"elementor-element elementor-element-e719911 elementor-widget elementor-widget-image\" data-id=\"e719911\" data-element_type=\"widget\" data-widget_type=\"image.default\">\n\t\t\t\t<div class=\"elementor-widget-container\">\n\t\t\t\t\t\t\t\t\t\t\t\t\t\t\t\t<a href=\"https:\/\/www.vanwezel.be\/index.html\">\n\t\t\t\t\t\t\t<img loading=\"lazy\" decoding=\"async\" width=\"360\" height=\"180\" src=\"https:\/\/degertauto.com\/wp-content\/uploads\/2023\/12\/van-wezel.png\" class=\"attachment-full size-full wp-image-8739\" alt=\"\" srcset=\"https:\/\/degertauto.com\/wp-content\/uploads\/2023\/12\/van-wezel.png 360w, https:\/\/degertauto.com\/wp-content\/uploads\/2023\/12\/van-wezel-300x150.png 300w\" sizes=\"auto, (max-width: 360px) 100vw, 360px\" \/>\t\t\t\t\t\t\t\t<\/a>\n\t\t\t\t\t\t\t\t\t\t\t\t\t\t\t<\/div>\n\t\t\t\t<\/div>\n\t\t\t\t<\/div>\n\t\t<div class=\"elementor-element elementor-element-40ff28a e-con-full e-flex e-con\" data-id=\"40ff28a\" data-element_type=\"container\" data-settings=\"{&quot;content_width&quot;:&quot;full&quot;}\">\n\t\t\t\t<div class=\"elementor-element elementor-element-d58c28e elementor-widget elementor-widget-image\" data-id=\"d58c28e\" data-element_type=\"widget\" data-widget_type=\"image.default\">\n\t\t\t\t<div class=\"elementor-widget-container\">\n\t\t\t\t\t\t\t\t\t\t\t\t\t\t\t<img loading=\"lazy\" decoding=\"async\" width=\"360\" height=\"180\" src=\"https:\/\/degertauto.com\/wp-content\/uploads\/2023\/12\/carfull-logo.jpg\" class=\"attachment-full size-full wp-image-8734\" alt=\"\" srcset=\"https:\/\/degertauto.com\/wp-content\/uploads\/2023\/12\/carfull-logo.jpg 360w, https:\/\/degertauto.com\/wp-content\/uploads\/2023\/12\/carfull-logo-300x150.jpg 300w\" sizes=\"auto, (max-width: 360px) 100vw, 360px\" \/>\t\t\t\t\t\t\t\t\t\t\t\t\t\t\t<\/div>\n\t\t\t\t<\/div>\n\t\t\t\t<\/div>\n\t\t<div class=\"elementor-element elementor-element-42281fa e-con-full e-flex e-con\" data-id=\"42281fa\" data-element_type=\"container\" data-settings=\"{&quot;content_width&quot;:&quot;full&quot;}\">\n\t\t\t\t<div class=\"elementor-element elementor-element-df6c8a9 elementor-widget elementor-widget-image\" data-id=\"df6c8a9\" data-element_type=\"widget\" data-widget_type=\"image.default\">\n\t\t\t\t<div class=\"elementor-widget-container\">\n\t\t\t\t\t\t\t\t\t\t\t\t\t\t\t\t<a href=\"https:\/\/www.alkar.es\/en\/\" target=\"_blank\">\n\t\t\t\t\t\t\t<img loading=\"lazy\" decoding=\"async\" width=\"360\" height=\"180\" src=\"https:\/\/degertauto.com\/wp-content\/uploads\/2023\/12\/alikar.png\" class=\"attachment-full size-full wp-image-8729\" alt=\"\" srcset=\"https:\/\/degertauto.com\/wp-content\/uploads\/2023\/12\/alikar.png 360w, https:\/\/degertauto.com\/wp-content\/uploads\/2023\/12\/alikar-300x150.png 300w\" sizes=\"auto, (max-width: 360px) 100vw, 360px\" \/>\t\t\t\t\t\t\t\t<\/a>\n\t\t\t\t\t\t\t\t\t\t\t\t\t\t\t<\/div>\n\t\t\t\t<\/div>\n\t\t\t\t<\/div>\n\t\t<div class=\"elementor-element elementor-element-0be9c32 e-con-full e-flex e-con\" data-id=\"0be9c32\" data-element_type=\"container\" data-settings=\"{&quot;content_width&quot;:&quot;full&quot;}\">\n\t\t\t\t<div class=\"elementor-element elementor-element-c34c4a2 elementor-widget elementor-widget-image\" data-id=\"c34c4a2\" data-element_type=\"widget\" data-widget_type=\"image.default\">\n\t\t\t\t<div class=\"elementor-widget-container\">\n\t\t\t\t\t\t\t\t\t\t\t\t\t\t\t\t<a href=\"https:\/\/www.valeoservice.com\/en-com\">\n\t\t\t\t\t\t\t<img loading=\"lazy\" decoding=\"async\" width=\"360\" height=\"180\" src=\"https:\/\/degertauto.com\/wp-content\/uploads\/2023\/12\/valeo-1.jpg\" class=\"attachment-full size-full wp-image-8764\" alt=\"\" srcset=\"https:\/\/degertauto.com\/wp-content\/uploads\/2023\/12\/valeo-1.jpg 360w, https:\/\/degertauto.com\/wp-content\/uploads\/2023\/12\/valeo-1-300x150.jpg 300w\" sizes=\"auto, (max-width: 360px) 100vw, 360px\" \/>\t\t\t\t\t\t\t\t<\/a>\n\t\t\t\t\t\t\t\t\t\t\t\t\t\t\t<\/div>\n\t\t\t\t<\/div>\n\t\t\t\t<\/div>\n\t\t<div class=\"elementor-element elementor-element-6dfecd4 e-con-full e-flex e-con\" data-id=\"6dfecd4\" data-element_type=\"container\" data-settings=\"{&quot;content_width&quot;:&quot;full&quot;}\">\n\t\t\t\t<div class=\"elementor-element elementor-element-735289b elementor-widget elementor-widget-image\" data-id=\"735289b\" data-element_type=\"widget\" data-widget_type=\"image.default\">\n\t\t\t\t<div class=\"elementor-widget-container\">\n\t\t\t\t\t\t\t\t\t\t\t\t\t\t\t\t<a href=\"https:\/\/www.magnetimarelli-parts-and-services.com\/\" target=\"_blank\">\n\t\t\t\t\t\t\t<img loading=\"lazy\" decoding=\"async\" width=\"360\" height=\"180\" src=\"https:\/\/degertauto.com\/wp-content\/uploads\/2023\/12\/magneti-1.jpg\" class=\"attachment-full size-full wp-image-8754\" alt=\"\" srcset=\"https:\/\/degertauto.com\/wp-content\/uploads\/2023\/12\/magneti-1.jpg 360w, https:\/\/degertauto.com\/wp-content\/uploads\/2023\/12\/magneti-1-300x150.jpg 300w\" sizes=\"auto, (max-width: 360px) 100vw, 360px\" \/>\t\t\t\t\t\t\t\t<\/a>\n\t\t\t\t\t\t\t\t\t\t\t\t\t\t\t<\/div>\n\t\t\t\t<\/div>\n\t\t\t\t<\/div>\n\t\t<div class=\"elementor-element elementor-element-f3764dd e-con-full e-flex e-con\" data-id=\"f3764dd\" data-element_type=\"container\" data-settings=\"{&quot;content_width&quot;:&quot;full&quot;}\">\n\t\t\t\t<div class=\"elementor-element elementor-element-59eb01b elementor-widget elementor-widget-image\" data-id=\"59eb01b\" data-element_type=\"widget\" data-widget_type=\"image.default\">\n\t\t\t\t<div class=\"elementor-widget-container\">\n\t\t\t\t\t\t\t\t\t\t\t\t\t\t\t\t<a href=\"http:\/\/www.olsagroup.com\/olsaparts\/index.php\/it\/prodotti\/\">\n\t\t\t\t\t\t\t<img loading=\"lazy\" decoding=\"async\" width=\"360\" height=\"180\" src=\"https:\/\/degertauto.com\/wp-content\/uploads\/2023\/12\/olsa-1.jpg\" class=\"attachment-full size-full wp-image-8759\" alt=\"\" srcset=\"https:\/\/degertauto.com\/wp-content\/uploads\/2023\/12\/olsa-1.jpg 360w, https:\/\/degertauto.com\/wp-content\/uploads\/2023\/12\/olsa-1-300x150.jpg 300w\" sizes=\"auto, (max-width: 360px) 100vw, 360px\" \/>\t\t\t\t\t\t\t\t<\/a>\n\t\t\t\t\t\t\t\t\t\t\t\t\t\t\t<\/div>\n\t\t\t\t<\/div>\n\t\t\t\t<\/div>\n\t\t\t\t\t<\/div>\n\t\t\t\t<\/div>\n\t\t\t\t<\/div>\n\t\t<div class=\"elementor-element elementor-element-c065e50 e-con-full e-flex elementor-invisible e-con\" data-id=\"c065e50\" data-element_type=\"container\" data-settings=\"{&quot;content_width&quot;:&quot;full&quot;,&quot;animation&quot;:&quot;fadeInRight&quot;}\">\n\t\t\t\t<div class=\"elementor-element elementor-element-eb8912e image-about single-category elementor-widget elementor-widget-image\" data-id=\"eb8912e\" data-element_type=\"widget\" data-widget_type=\"image.default\">\n\t\t\t\t<div class=\"elementor-widget-container\">\n\t\t\t\t\t\t\t\t\t\t\t\t\t\t\t<img loading=\"lazy\" decoding=\"async\" width=\"1320\" height=\"950\" src=\"https:\/\/degertauto.com\/wp-content\/uploads\/2023\/10\/pjese-karamboli.jpg\" class=\"attachment-full size-full wp-image-5456\" alt=\"\" srcset=\"https:\/\/degertauto.com\/wp-content\/uploads\/2023\/10\/pjese-karamboli.jpg 1320w, https:\/\/degertauto.com\/wp-content\/uploads\/2023\/10\/pjese-karamboli-300x216.jpg 300w, https:\/\/degertauto.com\/wp-content\/uploads\/2023\/10\/pjese-karamboli-1024x737.jpg 1024w, https:\/\/degertauto.com\/wp-content\/uploads\/2023\/10\/pjese-karamboli-768x553.jpg 768w\" sizes=\"auto, (max-width: 1320px) 100vw, 1320px\" \/>\t\t\t\t\t\t\t\t\t\t\t\t\t\t\t<\/div>\n\t\t\t\t<\/div>\n\t\t\t\t<\/div>\n\t\t\t\t\t<\/div>\n\t\t\t\t<\/div>\n\t\t\t\t\t\t\t<\/div>\n\t\t","protected":false},"excerpt":{"rendered":"<p>Zur\u00fcck Degert Auto sha Karambolenteile Aufgrund der breiten Palette an Karambol-Ersatzteilen, die wir anbieten, k\u00f6nnen wir nun mit Sicherheit sagen, dass wir der Hauptlieferant dieser Produkte auf dem heimischen Markt und dar\u00fcber hinaus sind, und dies ist der Zusammenarbeit mit den renommiertesten Marken auf der ganzen Welt zu verdanken. Mit diesen Produkten wie Bodykit, Sto\u00dfstange [&hellip;]<\/p>\n","protected":false},"author":1,"featured_media":0,"parent":6298,"menu_order":0,"comment_status":"closed","ping_status":"closed","template":"elementor_header_footer","meta":{"footnotes":""},"class_list":["post-6425","page","type-page","status-publish","hentry"],"acf":[],"_links":{"self":[{"href":"https:\/\/degertauto.com\/de\/wp-json\/wp\/v2\/pages\/6425","targetHints":{"allow":["GET"]}}],"collection":[{"href":"https:\/\/degertauto.com\/de\/wp-json\/wp\/v2\/pages"}],"about":[{"href":"https:\/\/degertauto.com\/de\/wp-json\/wp\/v2\/types\/page"}],"author":[{"embeddable":true,"href":"https:\/\/degertauto.com\/de\/wp-json\/wp\/v2\/users\/1"}],"replies":[{"embeddable":true,"href":"https:\/\/degertauto.com\/de\/wp-json\/wp\/v2\/comments?post=6425"}],"version-history":[{"count":13,"href":"https:\/\/degertauto.com\/de\/wp-json\/wp\/v2\/pages\/6425\/revisions"}],"predecessor-version":[{"id":9177,"href":"https:\/\/degertauto.com\/de\/wp-json\/wp\/v2\/pages\/6425\/revisions\/9177"}],"up":[{"embeddable":true,"href":"https:\/\/degertauto.com\/de\/wp-json\/wp\/v2\/pages\/6298"}],"wp:attachment":[{"href":"https:\/\/degertauto.com\/de\/wp-json\/wp\/v2\/media?parent=6425"}],"curies":[{"name":"wp","href":"https:\/\/api.w.org\/{rel}","templated":true}]}}