{"id":7468,"date":"2023-09-01T09:14:14","date_gmt":"2023-09-01T09:14:14","guid":{"rendered":"https:\/\/degertauto.web-devtesting.xyz\/misioni\/"},"modified":"2023-10-30T15:50:06","modified_gmt":"2023-10-30T15:50:06","slug":"die-mission","status":"publish","type":"page","link":"https:\/\/degertauto.com\/de\/die-mission\/","title":{"rendered":"Die Mission"},"content":{"rendered":"\t\t<div data-elementor-type=\"wp-page\" data-elementor-id=\"7468\" class=\"elementor elementor-7468 elementor-1270\">\n\t\t\t\t\t\t\t<div class=\"elementor-element elementor-element-7315594 e-flex e-con-boxed e-con\" data-id=\"7315594\" data-element_type=\"container\" data-settings=\"{&quot;background_background&quot;:&quot;classic&quot;,&quot;content_width&quot;:&quot;boxed&quot;}\">\n\t\t\t\t\t<div class=\"e-con-inner\">\n\t\t\t\t<div class=\"elementor-element elementor-element-39c77ad elementor-widget elementor-widget-button\" data-id=\"39c77ad\" data-element_type=\"widget\" data-widget_type=\"button.default\">\n\t\t\t\t<div class=\"elementor-widget-container\">\n\t\t\t\t\t<div class=\"elementor-button-wrapper\">\n\t\t\t<a class=\"elementor-button elementor-button-link elementor-size-sm\" href=\"\/de\/ueber-uns\/\">\n\t\t\t\t\t\t<span class=\"elementor-button-content-wrapper\">\n\t\t\t\t\t\t<span class=\"elementor-button-icon elementor-align-icon-left\">\n\t\t\t\t<i aria-hidden=\"true\" class=\"fas fa-long-arrow-alt-left\"><\/i>\t\t\t<\/span>\n\t\t\t\t\t\t<span class=\"elementor-button-text\">Zur\u00fcck<\/span>\n\t\t<\/span>\n\t\t\t\t\t<\/a>\n\t\t<\/div>\n\t\t\t\t<\/div>\n\t\t\t\t<\/div>\n\t\t\t\t\t<\/div>\n\t\t\t\t<\/div>\n\t\t<div class=\"elementor-element elementor-element-97d9eef home-about e-flex e-con-boxed e-con\" data-id=\"97d9eef\" data-element_type=\"container\" data-settings=\"{&quot;content_width&quot;:&quot;boxed&quot;}\">\n\t\t\t\t\t<div class=\"e-con-inner\">\n\t\t<div class=\"elementor-element elementor-element-e05054d e-con-full left-col-about e-flex elementor-invisible e-con\" data-id=\"e05054d\" data-element_type=\"container\" data-settings=\"{&quot;content_width&quot;:&quot;full&quot;,&quot;background_background&quot;:&quot;classic&quot;,&quot;animation&quot;:&quot;fadeInLeft&quot;}\">\n\t\t\t\t<div class=\"elementor-element elementor-element-d093154 elementor-widget elementor-widget-heading\" data-id=\"d093154\" data-element_type=\"widget\" data-widget_type=\"heading.default\">\n\t\t\t\t<div class=\"elementor-widget-container\">\n\t\t\t<style>\/*! elementor - v3.15.0 - 09-08-2023 *\/\n.elementor-heading-title{padding:0;margin:0;line-height:1}.elementor-widget-heading .elementor-heading-title[class*=elementor-size-]>a{color:inherit;font-size:inherit;line-height:inherit}.elementor-widget-heading .elementor-heading-title.elementor-size-small{font-size:15px}.elementor-widget-heading .elementor-heading-title.elementor-size-medium{font-size:19px}.elementor-widget-heading .elementor-heading-title.elementor-size-large{font-size:29px}.elementor-widget-heading .elementor-heading-title.elementor-size-xl{font-size:39px}.elementor-widget-heading .elementor-heading-title.elementor-size-xxl{font-size:59px}<\/style><h4 class=\"elementor-heading-title elementor-size-default\">Mission und Vision<\/h4>\t\t<\/div>\n\t\t\t\t<\/div>\n\t\t\t\t<div class=\"elementor-element elementor-element-0bffcd8 elementor-icon-list--layout-traditional elementor-list-item-link-full_width elementor-widget elementor-widget-icon-list\" data-id=\"0bffcd8\" data-element_type=\"widget\" data-widget_type=\"icon-list.default\">\n\t\t\t\t<div class=\"elementor-widget-container\">\n\t\t\t<link rel=\"stylesheet\" href=\"https:\/\/degertauto.com\/wp-content\/plugins\/elementor\/assets\/css\/widget-icon-list.min.css\">\t\t<ul class=\"elementor-icon-list-items\">\n\t\t\t\t\t\t\t<li class=\"elementor-icon-list-item\">\n\t\t\t\t\t\t\t\t\t\t\t<span class=\"elementor-icon-list-icon\">\n\t\t\t\t\t\t\t<i aria-hidden=\"true\" class=\"fas fa-check\"><\/i>\t\t\t\t\t\t<\/span>\n\t\t\t\t\t\t\t\t\t\t<span class=\"elementor-icon-list-text\">Unsere Mission ist es, unser Bestes zu geben, um jedem Kunden Produkte und Dienstleistungen von h\u00f6chster Qualit\u00e4t zu wettbewerbsf\u00e4higsten Preisen anzubieten.<\/span>\n\t\t\t\t\t\t\t\t\t<\/li>\n\t\t\t\t\t\t\t\t<li class=\"elementor-icon-list-item\">\n\t\t\t\t\t\t\t\t\t\t\t<span class=\"elementor-icon-list-icon\">\n\t\t\t\t\t\t\t<i aria-hidden=\"true\" class=\"fas fa-check\"><\/i>\t\t\t\t\t\t<\/span>\n\t\t\t\t\t\t\t\t\t\t<span class=\"elementor-icon-list-text\">Als Erster auf dem Markt pr\u00e4sent zu sein, zuzuh\u00f6ren, zu beobachten und sich \u00fcber die Bed\u00fcrfnisse unserer Kunden, Klienten und Partner zu informieren.<\/span>\n\t\t\t\t\t\t\t\t\t<\/li>\n\t\t\t\t\t\t\t\t<li class=\"elementor-icon-list-item\">\n\t\t\t\t\t\t\t\t\t\t\t<span class=\"elementor-icon-list-icon\">\n\t\t\t\t\t\t\t<i aria-hidden=\"true\" class=\"fas fa-check\"><\/i>\t\t\t\t\t\t<\/span>\n\t\t\t\t\t\t\t\t\t\t<span class=\"elementor-icon-list-text\">Um unseren Beitrag zur Steigerung des Wohlergehens der gesamten Gemeinschaft und Gesellschaft, in der wir t\u00e4tig sind, zu leisten.<\/span>\n\t\t\t\t\t\t\t\t\t<\/li>\n\t\t\t\t\t\t\t\t<li class=\"elementor-icon-list-item\">\n\t\t\t\t\t\t\t\t\t\t\t<span class=\"elementor-icon-list-icon\">\n\t\t\t\t\t\t\t<i aria-hidden=\"true\" class=\"fas fa-check\"><\/i>\t\t\t\t\t\t<\/span>\n\t\t\t\t\t\t\t\t\t\t<span class=\"elementor-icon-list-text\">St\u00e4ndig in die berufliche Ausbildung unserer Mitarbeiter zu investieren. Um Mehrwert f\u00fcr unsere Kunden zu schaffen.<\/span>\n\t\t\t\t\t\t\t\t\t<\/li>\n\t\t\t\t\t\t\t\t<li class=\"elementor-icon-list-item\">\n\t\t\t\t\t\t\t\t\t\t\t<span class=\"elementor-icon-list-icon\">\n\t\t\t\t\t\t\t<i aria-hidden=\"true\" class=\"fas fa-check\"><\/i>\t\t\t\t\t\t<\/span>\n\t\t\t\t\t\t\t\t\t\t<span class=\"elementor-icon-list-text\">Unsere Position als Marktf\u00fchrer auf dem Markt, in dem wir t\u00e4tig sind, zu behaupten, weiterzuentwickeln und zu f\u00f6rdern.<\/span>\n\t\t\t\t\t\t\t\t\t<\/li>\n\t\t\t\t\t\t<\/ul>\n\t\t\t\t<\/div>\n\t\t\t\t<\/div>\n\t\t\t\t<\/div>\n\t\t<div class=\"elementor-element elementor-element-4f6fc8a e-con-full e-flex elementor-invisible e-con\" data-id=\"4f6fc8a\" data-element_type=\"container\" data-settings=\"{&quot;content_width&quot;:&quot;full&quot;,&quot;animation&quot;:&quot;fadeInRight&quot;}\">\n\t\t\t\t<div class=\"elementor-element elementor-element-16a1db2 image-about single-category elementor-widget elementor-widget-image\" data-id=\"16a1db2\" data-element_type=\"widget\" data-widget_type=\"image.default\">\n\t\t\t\t<div class=\"elementor-widget-container\">\n\t\t\t<style>\/*! elementor - v3.15.0 - 09-08-2023 *\/\n.elementor-widget-image{text-align:center}.elementor-widget-image a{display:inline-block}.elementor-widget-image a img[src$=\".svg\"]{width:48px}.elementor-widget-image img{vertical-align:middle;display:inline-block}<\/style>\t\t\t\t\t\t\t\t\t\t\t\t<img loading=\"lazy\" decoding=\"async\" width=\"1000\" height=\"667\" src=\"https:\/\/degertauto.com\/wp-content\/uploads\/2023\/09\/kush-jemi1.jpg\" class=\"attachment-full size-full wp-image-4480\" alt=\"\" srcset=\"https:\/\/degertauto.com\/wp-content\/uploads\/2023\/09\/kush-jemi1.jpg 1000w, https:\/\/degertauto.com\/wp-content\/uploads\/2023\/09\/kush-jemi1-300x200.jpg 300w, https:\/\/degertauto.com\/wp-content\/uploads\/2023\/09\/kush-jemi1-768x512.jpg 768w\" sizes=\"auto, (max-width: 1000px) 100vw, 1000px\" \/>\t\t\t\t\t\t\t\t\t\t\t\t\t\t\t<\/div>\n\t\t\t\t<\/div>\n\t\t\t\t<\/div>\n\t\t\t\t\t<\/div>\n\t\t\t\t<\/div>\n\t\t\t\t\t\t\t<\/div>\n\t\t","protected":false},"excerpt":{"rendered":"<p>Zur\u00fcck Mission und Vision Unsere Mission ist es, unser Bestes zu geben, um jedem Kunden Produkte und Dienstleistungen von h\u00f6chster Qualit\u00e4t zu wettbewerbsf\u00e4higsten Preisen anzubieten. Als Erster auf dem Markt pr\u00e4sent zu sein, zuzuh\u00f6ren, zu beobachten und sich \u00fcber die Bed\u00fcrfnisse unserer Kunden, Klienten und Partner zu informieren. Um unseren Beitrag zur Steigerung des Wohlergehens [&hellip;]<\/p>\n","protected":false},"author":1,"featured_media":0,"parent":0,"menu_order":0,"comment_status":"closed","ping_status":"closed","template":"elementor_header_footer","meta":{"footnotes":""},"class_list":["post-7468","page","type-page","status-publish","hentry"],"acf":[],"_links":{"self":[{"href":"https:\/\/degertauto.com\/de\/wp-json\/wp\/v2\/pages\/7468","targetHints":{"allow":["GET"]}}],"collection":[{"href":"https:\/\/degertauto.com\/de\/wp-json\/wp\/v2\/pages"}],"about":[{"href":"https:\/\/degertauto.com\/de\/wp-json\/wp\/v2\/types\/page"}],"author":[{"embeddable":true,"href":"https:\/\/degertauto.com\/de\/wp-json\/wp\/v2\/users\/1"}],"replies":[{"embeddable":true,"href":"https:\/\/degertauto.com\/de\/wp-json\/wp\/v2\/comments?post=7468"}],"version-history":[{"count":7,"href":"https:\/\/degertauto.com\/de\/wp-json\/wp\/v2\/pages\/7468\/revisions"}],"predecessor-version":[{"id":7475,"href":"https:\/\/degertauto.com\/de\/wp-json\/wp\/v2\/pages\/7468\/revisions\/7475"}],"wp:attachment":[{"href":"https:\/\/degertauto.com\/de\/wp-json\/wp\/v2\/media?parent=7468"}],"curies":[{"name":"wp","href":"https:\/\/api.w.org\/{rel}","templated":true}]}}