{"id":7286,"date":"2023-10-05T14:54:42","date_gmt":"2023-10-05T14:54:42","guid":{"rendered":"https:\/\/degertauto.web-devtesting.xyz\/partner-nderkombetar\/"},"modified":"2024-04-24T09:01:10","modified_gmt":"2024-04-24T09:01:10","slug":"partenaire-international","status":"publish","type":"page","link":"https:\/\/degertauto.com\/fr\/partenaire-international\/","title":{"rendered":"Partenaire International"},"content":{"rendered":"\t\t<div data-elementor-type=\"wp-page\" data-elementor-id=\"7286\" class=\"elementor elementor-7286 elementor-3405\">\n\t\t\t\t\t\t\t<div class=\"elementor-element elementor-element-557d302 parneret-tane-breadcrumb e-flex e-con-boxed e-con\" data-id=\"557d302\" data-element_type=\"container\" data-settings=\"{&quot;background_background&quot;:&quot;classic&quot;,&quot;content_width&quot;:&quot;boxed&quot;}\">\n\t\t\t\t\t<div class=\"e-con-inner\">\n\t\t\t\t<div class=\"elementor-element elementor-element-8d118e8 elementor-widget elementor-widget-button\" data-id=\"8d118e8\" data-element_type=\"widget\" data-widget_type=\"button.default\">\n\t\t\t\t<div class=\"elementor-widget-container\">\n\t\t\t\t\t<div class=\"elementor-button-wrapper\">\n\t\t\t<a class=\"elementor-button elementor-button-link elementor-size-sm\" href=\"\/fr\/a-propos-de-nous\/\">\n\t\t\t\t\t\t<span class=\"elementor-button-content-wrapper\">\n\t\t\t\t\t\t<span class=\"elementor-button-icon elementor-align-icon-left\">\n\t\t\t\t<i aria-hidden=\"true\" class=\"fas fa-long-arrow-alt-left\"><\/i>\t\t\t<\/span>\n\t\t\t\t\t\t<span class=\"elementor-button-text\">En arri\u00e8re<\/span>\n\t\t<\/span>\n\t\t\t\t\t<\/a>\n\t\t<\/div>\n\t\t\t\t<\/div>\n\t\t\t\t<\/div>\n\t\t\t\t\t<\/div>\n\t\t\t\t<\/div>\n\t\t<div class=\"elementor-element elementor-element-d36c670 home-about e-flex e-con-boxed e-con\" data-id=\"d36c670\" data-element_type=\"container\" data-settings=\"{&quot;content_width&quot;:&quot;boxed&quot;}\">\n\t\t\t\t\t<div class=\"e-con-inner\">\n\t\t<div class=\"elementor-element elementor-element-3ea004b e-con-full left-col-about e-flex elementor-invisible e-con\" data-id=\"3ea004b\" data-element_type=\"container\" data-settings=\"{&quot;content_width&quot;:&quot;full&quot;,&quot;background_background&quot;:&quot;classic&quot;,&quot;animation&quot;:&quot;fadeInLeft&quot;}\">\n\t\t<div class=\"elementor-element elementor-element-ed5eee0 e-flex e-con-boxed e-con\" data-id=\"ed5eee0\" data-element_type=\"container\" data-settings=\"{&quot;content_width&quot;:&quot;boxed&quot;}\">\n\t\t\t\t\t<div class=\"e-con-inner\">\n\t\t<div class=\"elementor-element elementor-element-338373c e-con-full e-flex e-con\" data-id=\"338373c\" data-element_type=\"container\" data-settings=\"{&quot;content_width&quot;:&quot;full&quot;}\">\n\t\t\t\t<div class=\"elementor-element elementor-element-3b9cbfc elementor-widget elementor-widget-heading\" data-id=\"3b9cbfc\" data-element_type=\"widget\" data-widget_type=\"heading.default\">\n\t\t\t\t<div class=\"elementor-widget-container\">\n\t\t\t<style>\/*! elementor - v3.15.0 - 09-08-2023 *\/\n.elementor-heading-title{padding:0;margin:0;line-height:1}.elementor-widget-heading .elementor-heading-title[class*=elementor-size-]>a{color:inherit;font-size:inherit;line-height:inherit}.elementor-widget-heading .elementor-heading-title.elementor-size-small{font-size:15px}.elementor-widget-heading .elementor-heading-title.elementor-size-medium{font-size:19px}.elementor-widget-heading .elementor-heading-title.elementor-size-large{font-size:29px}.elementor-widget-heading .elementor-heading-title.elementor-size-xl{font-size:39px}.elementor-widget-heading .elementor-heading-title.elementor-size-xxl{font-size:59px}<\/style><h4 class=\"elementor-heading-title elementor-size-default\">60<\/h4>\t\t<\/div>\n\t\t\t\t<\/div>\n\t\t\t\t<\/div>\n\t\t<div class=\"elementor-element elementor-element-7225a0f e-con-full e-flex e-con\" data-id=\"7225a0f\" data-element_type=\"container\" data-settings=\"{&quot;content_width&quot;:&quot;full&quot;}\">\n\t\t\t\t<div class=\"elementor-element elementor-element-aef155c elementor-widget elementor-widget-heading\" data-id=\"aef155c\" data-element_type=\"widget\" data-widget_type=\"heading.default\">\n\t\t\t\t<div class=\"elementor-widget-container\">\n\t\t\t<h2 class=\"elementor-heading-title elementor-size-default\">Partenaire International<\/h2>\t\t<\/div>\n\t\t\t\t<\/div>\n\t\t\t\t<\/div>\n\t\t\t\t\t<\/div>\n\t\t\t\t<\/div>\n\t\t\t\t<div class=\"elementor-element elementor-element-38b5a9c elementor-widget elementor-widget-text-editor\" data-id=\"38b5a9c\" data-element_type=\"widget\" data-widget_type=\"text-editor.default\">\n\t\t\t\t<div class=\"elementor-widget-container\">\n\t\t\t<style>\/*! elementor - v3.15.0 - 09-08-2023 *\/\n.elementor-widget-text-editor.elementor-drop-cap-view-stacked .elementor-drop-cap{background-color:#69727d;color:#fff}.elementor-widget-text-editor.elementor-drop-cap-view-framed .elementor-drop-cap{color:#69727d;border:3px solid;background-color:transparent}.elementor-widget-text-editor:not(.elementor-drop-cap-view-default) .elementor-drop-cap{margin-top:8px}.elementor-widget-text-editor:not(.elementor-drop-cap-view-default) .elementor-drop-cap-letter{width:1em;height:1em}.elementor-widget-text-editor .elementor-drop-cap{float:left;text-align:center;line-height:1;font-size:50px}.elementor-widget-text-editor .elementor-drop-cap-letter{display:inline-block}<\/style>\t\t\t\t<p>Les d\u00e9fis de d\u00e9vouement, de collaboration et de confiance, au cours de ces 30 ann\u00e9es, nous ont aid\u00e9s \u00e0 b\u00e2tir la soci\u00e9t\u00e9 que nous avons aujourd\u2019hui. Nous pensons qu\u2019une bonne collaboration repose sur des relations amicales avec les partenaires commerciaux.<\/p>\n<p>Ces soci\u00e9t\u00e9s repr\u00e9sentent nos partenaires de confiance, avec lesquels nous partageons notre succ\u00e8s continu. Fournir les meilleures solutions \u00e0 nos clients est ce que nous avons en commun. Nous sommes chanceux et heureux que vous fassiez et faites partie de notre histoire et de nos succ\u00e8s!<\/p>\t\t\t\t\t\t<\/div>\n\t\t\t\t<\/div>\n\t\t\t\t<\/div>\n\t\t<div class=\"elementor-element elementor-element-9a80941 e-con-full e-flex elementor-invisible e-con\" data-id=\"9a80941\" data-element_type=\"container\" data-settings=\"{&quot;content_width&quot;:&quot;full&quot;,&quot;animation&quot;:&quot;fadeInRight&quot;}\">\n\t\t\t\t<div class=\"elementor-element elementor-element-feb014b image-about single-category elementor-widget elementor-widget-image\" data-id=\"feb014b\" data-element_type=\"widget\" data-widget_type=\"image.default\">\n\t\t\t\t<div class=\"elementor-widget-container\">\n\t\t\t<style>\/*! elementor - v3.15.0 - 09-08-2023 *\/\n.elementor-widget-image{text-align:center}.elementor-widget-image a{display:inline-block}.elementor-widget-image a img[src$=\".svg\"]{width:48px}.elementor-widget-image img{vertical-align:middle;display:inline-block}<\/style>\t\t\t\t\t\t\t\t\t\t\t\t<img loading=\"lazy\" decoding=\"async\" width=\"1155\" height=\"822\" src=\"https:\/\/degertauto.com\/wp-content\/uploads\/2023\/10\/parner-nderkombetar-1.jpg\" class=\"attachment-full size-full wp-image-5479\" alt=\"\" srcset=\"https:\/\/degertauto.com\/wp-content\/uploads\/2023\/10\/parner-nderkombetar-1.jpg 1155w, https:\/\/degertauto.com\/wp-content\/uploads\/2023\/10\/parner-nderkombetar-1-300x214.jpg 300w, https:\/\/degertauto.com\/wp-content\/uploads\/2023\/10\/parner-nderkombetar-1-1024x729.jpg 1024w, https:\/\/degertauto.com\/wp-content\/uploads\/2023\/10\/parner-nderkombetar-1-768x547.jpg 768w\" sizes=\"auto, (max-width: 1155px) 100vw, 1155px\" \/>\t\t\t\t\t\t\t\t\t\t\t\t\t\t\t<\/div>\n\t\t\t\t<\/div>\n\t\t\t\t<\/div>\n\t\t\t\t\t<\/div>\n\t\t\t\t<\/div>\n\t\t\t\t\t\t\t<\/div>\n\t\t","protected":false},"excerpt":{"rendered":"<p>En arri\u00e8re 60 Partenaire International Les d\u00e9fis de d\u00e9vouement, de collaboration et de confiance, au cours de ces 30 ann\u00e9es, nous ont aid\u00e9s \u00e0 b\u00e2tir la soci\u00e9t\u00e9 que nous avons aujourd\u2019hui. Nous pensons qu\u2019une bonne collaboration repose sur des relations amicales avec les partenaires commerciaux. Ces soci\u00e9t\u00e9s repr\u00e9sentent nos partenaires de confiance, avec lesquels nous [&hellip;]<\/p>\n","protected":false},"author":1,"featured_media":0,"parent":0,"menu_order":0,"comment_status":"closed","ping_status":"closed","template":"elementor_header_footer","meta":{"footnotes":""},"class_list":["post-7286","page","type-page","status-publish","hentry"],"acf":[],"_links":{"self":[{"href":"https:\/\/degertauto.com\/fr\/wp-json\/wp\/v2\/pages\/7286","targetHints":{"allow":["GET"]}}],"collection":[{"href":"https:\/\/degertauto.com\/fr\/wp-json\/wp\/v2\/pages"}],"about":[{"href":"https:\/\/degertauto.com\/fr\/wp-json\/wp\/v2\/types\/page"}],"author":[{"embeddable":true,"href":"https:\/\/degertauto.com\/fr\/wp-json\/wp\/v2\/users\/1"}],"replies":[{"embeddable":true,"href":"https:\/\/degertauto.com\/fr\/wp-json\/wp\/v2\/comments?post=7286"}],"version-history":[{"count":7,"href":"https:\/\/degertauto.com\/fr\/wp-json\/wp\/v2\/pages\/7286\/revisions"}],"predecessor-version":[{"id":9430,"href":"https:\/\/degertauto.com\/fr\/wp-json\/wp\/v2\/pages\/7286\/revisions\/9430"}],"wp:attachment":[{"href":"https:\/\/degertauto.com\/fr\/wp-json\/wp\/v2\/media?parent=7286"}],"curies":[{"name":"wp","href":"https:\/\/api.w.org\/{rel}","templated":true}]}}