{"id":7291,"date":"2023-10-05T15:16:21","date_gmt":"2023-10-05T15:16:21","guid":{"rendered":"https:\/\/degertauto.web-devtesting.xyz\/game-e-gjere-produktesh\/"},"modified":"2023-10-31T13:18:42","modified_gmt":"2023-10-31T13:18:42","slug":"large-gamme-de-produits","status":"publish","type":"page","link":"https:\/\/degertauto.com\/fr\/large-gamme-de-produits\/","title":{"rendered":"Large gamme de produits"},"content":{"rendered":"\t\t<div data-elementor-type=\"wp-page\" data-elementor-id=\"7291\" class=\"elementor elementor-7291 elementor-3433\">\n\t\t\t\t\t\t\t<div class=\"elementor-element elementor-element-44219d3 e-flex e-con-boxed e-con\" data-id=\"44219d3\" data-element_type=\"container\" data-settings=\"{&quot;background_background&quot;:&quot;classic&quot;,&quot;content_width&quot;:&quot;boxed&quot;}\">\n\t\t\t\t\t<div class=\"e-con-inner\">\n\t\t\t\t<div class=\"elementor-element elementor-element-b4fb9d8 elementor-widget elementor-widget-button\" data-id=\"b4fb9d8\" data-element_type=\"widget\" data-widget_type=\"button.default\">\n\t\t\t\t<div class=\"elementor-widget-container\">\n\t\t\t\t\t<div class=\"elementor-button-wrapper\">\n\t\t\t<a class=\"elementor-button elementor-button-link elementor-size-sm\" href=\"\/fr\/a-propos-de-nous\/\">\n\t\t\t\t\t\t<span class=\"elementor-button-content-wrapper\">\n\t\t\t\t\t\t<span class=\"elementor-button-icon elementor-align-icon-left\">\n\t\t\t\t<i aria-hidden=\"true\" class=\"fas fa-long-arrow-alt-left\"><\/i>\t\t\t<\/span>\n\t\t\t\t\t\t<span class=\"elementor-button-text\">En arri\u00e8re<\/span>\n\t\t<\/span>\n\t\t\t\t\t<\/a>\n\t\t<\/div>\n\t\t\t\t<\/div>\n\t\t\t\t<\/div>\n\t\t\t\t\t<\/div>\n\t\t\t\t<\/div>\n\t\t<div class=\"elementor-element elementor-element-4d93205 home-about e-flex e-con-boxed e-con\" data-id=\"4d93205\" data-element_type=\"container\" data-settings=\"{&quot;content_width&quot;:&quot;boxed&quot;}\">\n\t\t\t\t\t<div class=\"e-con-inner\">\n\t\t<div class=\"elementor-element elementor-element-ea39aca e-con-full left-col-about e-flex elementor-invisible e-con\" data-id=\"ea39aca\" data-element_type=\"container\" data-settings=\"{&quot;content_width&quot;:&quot;full&quot;,&quot;background_background&quot;:&quot;classic&quot;,&quot;animation&quot;:&quot;fadeInLeft&quot;}\">\n\t\t<div class=\"elementor-element elementor-element-a255d00 e-flex e-con-boxed e-con\" data-id=\"a255d00\" data-element_type=\"container\" data-settings=\"{&quot;content_width&quot;:&quot;boxed&quot;}\">\n\t\t\t\t\t<div class=\"e-con-inner\">\n\t\t<div class=\"elementor-element elementor-element-1a67cea e-con-full e-flex e-con\" data-id=\"1a67cea\" data-element_type=\"container\" data-settings=\"{&quot;content_width&quot;:&quot;full&quot;}\">\n\t\t\t\t<div class=\"elementor-element elementor-element-86cb8e7 elementor-widget elementor-widget-heading\" data-id=\"86cb8e7\" data-element_type=\"widget\" data-widget_type=\"heading.default\">\n\t\t\t\t<div class=\"elementor-widget-container\">\n\t\t\t<style>\/*! elementor - v3.15.0 - 09-08-2023 *\/\n.elementor-heading-title{padding:0;margin:0;line-height:1}.elementor-widget-heading .elementor-heading-title[class*=elementor-size-]>a{color:inherit;font-size:inherit;line-height:inherit}.elementor-widget-heading .elementor-heading-title.elementor-size-small{font-size:15px}.elementor-widget-heading .elementor-heading-title.elementor-size-medium{font-size:19px}.elementor-widget-heading .elementor-heading-title.elementor-size-large{font-size:29px}.elementor-widget-heading .elementor-heading-title.elementor-size-xl{font-size:39px}.elementor-widget-heading .elementor-heading-title.elementor-size-xxl{font-size:59px}<\/style><h4 class=\"elementor-heading-title elementor-size-default\">100.000\n<\/h4>\t\t<\/div>\n\t\t\t\t<\/div>\n\t\t\t\t<\/div>\n\t\t<div class=\"elementor-element elementor-element-8849ce2 e-con-full e-flex e-con\" data-id=\"8849ce2\" data-element_type=\"container\" data-settings=\"{&quot;content_width&quot;:&quot;full&quot;}\">\n\t\t\t\t<div class=\"elementor-element elementor-element-b3b87f7 elementor-widget elementor-widget-heading\" data-id=\"b3b87f7\" data-element_type=\"widget\" data-widget_type=\"heading.default\">\n\t\t\t\t<div class=\"elementor-widget-container\">\n\t\t\t<h2 class=\"elementor-heading-title elementor-size-default\">Large gamme de produits, plus de 100 000 produits propos\u00e9s aux clients<\/h2>\t\t<\/div>\n\t\t\t\t<\/div>\n\t\t\t\t<\/div>\n\t\t\t\t\t<\/div>\n\t\t\t\t<\/div>\n\t\t\t\t<div class=\"elementor-element elementor-element-1a133a4 elementor-widget elementor-widget-text-editor\" data-id=\"1a133a4\" data-element_type=\"widget\" data-widget_type=\"text-editor.default\">\n\t\t\t\t<div class=\"elementor-widget-container\">\n\t\t\t<style>\/*! elementor - v3.15.0 - 09-08-2023 *\/\n.elementor-widget-text-editor.elementor-drop-cap-view-stacked .elementor-drop-cap{background-color:#69727d;color:#fff}.elementor-widget-text-editor.elementor-drop-cap-view-framed .elementor-drop-cap{color:#69727d;border:3px solid;background-color:transparent}.elementor-widget-text-editor:not(.elementor-drop-cap-view-default) .elementor-drop-cap{margin-top:8px}.elementor-widget-text-editor:not(.elementor-drop-cap-view-default) .elementor-drop-cap-letter{width:1em;height:1em}.elementor-widget-text-editor .elementor-drop-cap{float:left;text-align:center;line-height:1;font-size:50px}.elementor-widget-text-editor .elementor-drop-cap-letter{display:inline-block}<\/style>\t\t\t\t<p>Notre gamme de produits comprend plus de 100 000 pi\u00e8ces de rechange de qualit\u00e9, \u00e0 commencer par les produits destin\u00e9s aux v\u00e9hicules utilitaires l\u00e9gers et lourds ainsi que les lubrifiants. <br \/><br \/>Nous fournissons au d\u00e9tail et en gros plus de 3 000 clients dans tous les coins de l\u2019Albanie et, entre-temps, nous renfor\u00e7ons notre ligne d\u2019exportation.<\/p><p>Nous continuons d\u2019\u00eatre le premier choix de ceux qui sont en demande pour nos produits. La gamme diversifi\u00e9e de produits fait de nous un leader sur le march\u00e9 local avec de r\u00e9elles intentions de p\u00e9n\u00e9trer le march\u00e9 mondial.<\/p>\t\t\t\t\t\t<\/div>\n\t\t\t\t<\/div>\n\t\t\t\t<\/div>\n\t\t<div class=\"elementor-element elementor-element-ebfaa28 e-con-full e-flex elementor-invisible e-con\" data-id=\"ebfaa28\" data-element_type=\"container\" data-settings=\"{&quot;content_width&quot;:&quot;full&quot;,&quot;animation&quot;:&quot;fadeInRight&quot;}\">\n\t\t\t\t<div class=\"elementor-element elementor-element-252513a image-about single-category elementor-widget elementor-widget-image\" data-id=\"252513a\" data-element_type=\"widget\" data-widget_type=\"image.default\">\n\t\t\t\t<div class=\"elementor-widget-container\">\n\t\t\t<style>\/*! elementor - v3.15.0 - 09-08-2023 *\/\n.elementor-widget-image{text-align:center}.elementor-widget-image a{display:inline-block}.elementor-widget-image a img[src$=\".svg\"]{width:48px}.elementor-widget-image img{vertical-align:middle;display:inline-block}<\/style>\t\t\t\t\t\t\t\t\t\t\t\t<img loading=\"lazy\" decoding=\"async\" width=\"800\" height=\"600\" src=\"https:\/\/degertauto.com\/wp-content\/uploads\/2023\/10\/magazina.jpg\" class=\"attachment-full size-full wp-image-5487\" alt=\"\" srcset=\"https:\/\/degertauto.com\/wp-content\/uploads\/2023\/10\/magazina.jpg 800w, https:\/\/degertauto.com\/wp-content\/uploads\/2023\/10\/magazina-300x225.jpg 300w, https:\/\/degertauto.com\/wp-content\/uploads\/2023\/10\/magazina-768x576.jpg 768w\" sizes=\"auto, (max-width: 800px) 100vw, 800px\" \/>\t\t\t\t\t\t\t\t\t\t\t\t\t\t\t<\/div>\n\t\t\t\t<\/div>\n\t\t\t\t<\/div>\n\t\t\t\t\t<\/div>\n\t\t\t\t<\/div>\n\t\t\t\t\t\t\t<\/div>\n\t\t","protected":false},"excerpt":{"rendered":"<p>En arri\u00e8re 100.000 Large gamme de produits, plus de 100 000 produits propos\u00e9s aux clients Notre gamme de produits comprend plus de 100 000 pi\u00e8ces de rechange de qualit\u00e9, \u00e0 commencer par les produits destin\u00e9s aux v\u00e9hicules utilitaires l\u00e9gers et lourds ainsi que les lubrifiants. Nous fournissons au d\u00e9tail et en gros plus de 3 [&hellip;]<\/p>\n","protected":false},"author":1,"featured_media":0,"parent":0,"menu_order":0,"comment_status":"closed","ping_status":"closed","template":"elementor_header_footer","meta":{"footnotes":""},"class_list":["post-7291","page","type-page","status-publish","hentry"],"acf":[],"_links":{"self":[{"href":"https:\/\/degertauto.com\/fr\/wp-json\/wp\/v2\/pages\/7291","targetHints":{"allow":["GET"]}}],"collection":[{"href":"https:\/\/degertauto.com\/fr\/wp-json\/wp\/v2\/pages"}],"about":[{"href":"https:\/\/degertauto.com\/fr\/wp-json\/wp\/v2\/types\/page"}],"author":[{"embeddable":true,"href":"https:\/\/degertauto.com\/fr\/wp-json\/wp\/v2\/users\/1"}],"replies":[{"embeddable":true,"href":"https:\/\/degertauto.com\/fr\/wp-json\/wp\/v2\/comments?post=7291"}],"version-history":[{"count":7,"href":"https:\/\/degertauto.com\/fr\/wp-json\/wp\/v2\/pages\/7291\/revisions"}],"predecessor-version":[{"id":7813,"href":"https:\/\/degertauto.com\/fr\/wp-json\/wp\/v2\/pages\/7291\/revisions\/7813"}],"wp:attachment":[{"href":"https:\/\/degertauto.com\/fr\/wp-json\/wp\/v2\/media?parent=7291"}],"curies":[{"name":"wp","href":"https:\/\/api.w.org\/{rel}","templated":true}]}}