{"id":7327,"date":"2023-09-05T10:37:16","date_gmt":"2023-09-05T10:37:16","guid":{"rendered":"https:\/\/degertauto.web-devtesting.xyz\/produits\/pjese-karamboli\/"},"modified":"2024-01-10T11:50:12","modified_gmt":"2024-01-10T11:50:12","slug":"parties-de-carambole","status":"publish","type":"page","link":"https:\/\/degertauto.com\/fr\/produits\/parties-de-carambole\/","title":{"rendered":"Parties de carambole"},"content":{"rendered":"\t\t<div data-elementor-type=\"wp-page\" data-elementor-id=\"7327\" class=\"elementor elementor-7327 elementor-1830\">\n\t\t\t\t\t\t\t<div class=\"elementor-element elementor-element-e5fb260 e-flex e-con-boxed e-con\" data-id=\"e5fb260\" data-element_type=\"container\" data-settings=\"{&quot;background_background&quot;:&quot;classic&quot;,&quot;content_width&quot;:&quot;boxed&quot;}\">\n\t\t\t\t\t<div class=\"e-con-inner\">\n\t\t\t\t<div class=\"elementor-element elementor-element-8e8a92c elementor-widget elementor-widget-button\" data-id=\"8e8a92c\" data-element_type=\"widget\" data-widget_type=\"button.default\">\n\t\t\t\t<div class=\"elementor-widget-container\">\n\t\t\t\t\t<div class=\"elementor-button-wrapper\">\n\t\t\t<a class=\"elementor-button elementor-button-link elementor-size-sm\" href=\"\/fr\/produits\/\">\n\t\t\t\t\t\t<span class=\"elementor-button-content-wrapper\">\n\t\t\t\t\t\t<span class=\"elementor-button-icon elementor-align-icon-left\">\n\t\t\t\t<i aria-hidden=\"true\" class=\"fas fa-long-arrow-alt-left\"><\/i>\t\t\t<\/span>\n\t\t\t\t\t\t<span class=\"elementor-button-text\">En arri\u00e8re<\/span>\n\t\t<\/span>\n\t\t\t\t\t<\/a>\n\t\t<\/div>\n\t\t\t\t<\/div>\n\t\t\t\t<\/div>\n\t\t\t\t\t<\/div>\n\t\t\t\t<\/div>\n\t\t<div class=\"elementor-element elementor-element-5e08655 home-about e-flex e-con-boxed e-con\" data-id=\"5e08655\" data-element_type=\"container\" data-settings=\"{&quot;content_width&quot;:&quot;boxed&quot;}\">\n\t\t\t\t\t<div class=\"e-con-inner\">\n\t\t<div class=\"elementor-element elementor-element-dd403ce e-con-full e-flex elementor-invisible e-con\" data-id=\"dd403ce\" data-element_type=\"container\" data-settings=\"{&quot;content_width&quot;:&quot;full&quot;,&quot;animation&quot;:&quot;fadeInLeft&quot;}\">\n\t\t\t\t<div class=\"elementor-element elementor-element-0308150 elementor-widget elementor-widget-heading\" data-id=\"0308150\" data-element_type=\"widget\" data-widget_type=\"heading.default\">\n\t\t\t\t<div class=\"elementor-widget-container\">\n\t\t\t<style>\/*! elementor - v3.15.0 - 09-08-2023 *\/\n.elementor-heading-title{padding:0;margin:0;line-height:1}.elementor-widget-heading .elementor-heading-title[class*=elementor-size-]>a{color:inherit;font-size:inherit;line-height:inherit}.elementor-widget-heading .elementor-heading-title.elementor-size-small{font-size:15px}.elementor-widget-heading .elementor-heading-title.elementor-size-medium{font-size:19px}.elementor-widget-heading .elementor-heading-title.elementor-size-large{font-size:29px}.elementor-widget-heading .elementor-heading-title.elementor-size-xl{font-size:39px}.elementor-widget-heading .elementor-heading-title.elementor-size-xxl{font-size:59px}<\/style><h4 class=\"elementor-heading-title elementor-size-default\">Degert Auto SA<\/h4>\t\t<\/div>\n\t\t\t\t<\/div>\n\t\t\t\t<div class=\"elementor-element elementor-element-0da5dba elementor-widget elementor-widget-heading\" data-id=\"0da5dba\" data-element_type=\"widget\" data-widget_type=\"heading.default\">\n\t\t\t\t<div class=\"elementor-widget-container\">\n\t\t\t<h2 class=\"elementor-heading-title elementor-size-default\">Parties de carambole <\/h2>\t\t<\/div>\n\t\t\t\t<\/div>\n\t\t\t\t<div class=\"elementor-element elementor-element-31185e7 elementor-widget elementor-widget-text-editor\" data-id=\"31185e7\" data-element_type=\"widget\" data-widget_type=\"text-editor.default\">\n\t\t\t\t<div class=\"elementor-widget-container\">\n\t\t\t<style>\/*! elementor - v3.15.0 - 09-08-2023 *\/\n.elementor-widget-text-editor.elementor-drop-cap-view-stacked .elementor-drop-cap{background-color:#69727d;color:#fff}.elementor-widget-text-editor.elementor-drop-cap-view-framed .elementor-drop-cap{color:#69727d;border:3px solid;background-color:transparent}.elementor-widget-text-editor:not(.elementor-drop-cap-view-default) .elementor-drop-cap{margin-top:8px}.elementor-widget-text-editor:not(.elementor-drop-cap-view-default) .elementor-drop-cap-letter{width:1em;height:1em}.elementor-widget-text-editor .elementor-drop-cap{float:left;text-align:center;line-height:1;font-size:50px}.elementor-widget-text-editor .elementor-drop-cap-letter{display:inline-block}<\/style>\t\t\t\tDans la large gamme de produits des parties de carambole que nous offrons, nous pouvons affirmer en toute conviction que nous sommes le principal fournisseur de ces produits sur le march\u00e9 local et pas seulement, et cela gr\u00e2ce \u00e0 la collaboration avec les marques les plus prestigieuses de le monde entier. Gr\u00e2ce \u00e0 ces produits tels que: kit carrosserie, pare-chocs et pare-chocs arri\u00e8re, ailes et capots, phares et signaux, r\u00e9troviseurs et vitres, coques de r\u00e9troviseurs, autres accessoires, etc., vous pouvez compl\u00e9ter enti\u00e8rement votre v\u00e9hicule en termes de pi\u00e8ces de v\u00e9hicule (pi\u00e8ces externes) de votre v\u00e9hicule.\t\t\t\t\t\t<\/div>\n\t\t\t\t<\/div>\n\t\t\t\t<div class=\"elementor-element elementor-element-4262118 elementor-widget elementor-widget-text-editor\" data-id=\"4262118\" data-element_type=\"widget\" data-widget_type=\"text-editor.default\">\n\t\t\t\t<div class=\"elementor-widget-container\">\n\t\t\t\t\t\t\tPour des informations plus d\u00e9taill\u00e9es, parcourez le site officiel de nos partenaires:\t\t\t\t\t\t<\/div>\n\t\t\t\t<\/div>\n\t\t<div class=\"elementor-element elementor-element-a724ae9 partners-degert e-flex e-con-boxed e-con\" data-id=\"a724ae9\" data-element_type=\"container\" data-settings=\"{&quot;content_width&quot;:&quot;boxed&quot;}\">\n\t\t\t\t\t<div class=\"e-con-inner\">\n\t\t<div class=\"elementor-element elementor-element-1d49328 e-con-full e-flex e-con\" data-id=\"1d49328\" data-element_type=\"container\" data-settings=\"{&quot;content_width&quot;:&quot;full&quot;}\">\n\t\t\t\t<div class=\"elementor-element elementor-element-d10c24d elementor-widget elementor-widget-image\" data-id=\"d10c24d\" data-element_type=\"widget\" data-widget_type=\"image.default\">\n\t\t\t\t<div class=\"elementor-widget-container\">\n\t\t\t<style>\/*! elementor - v3.15.0 - 09-08-2023 *\/\n.elementor-widget-image{text-align:center}.elementor-widget-image a{display:inline-block}.elementor-widget-image a img[src$=\".svg\"]{width:48px}.elementor-widget-image img{vertical-align:middle;display:inline-block}<\/style>\t\t\t\t\t\t\t\t\t\t\t\t\t<a href=\"https:\/\/www.depoautolamp.com\/index_en.php\" target=\"_blank\">\n\t\t\t\t\t\t\t<img loading=\"lazy\" decoding=\"async\" width=\"360\" height=\"180\" src=\"https:\/\/degertauto.com\/wp-content\/uploads\/2023\/12\/depo.png\" class=\"attachment-full size-full wp-image-8723\" alt=\"\" srcset=\"https:\/\/degertauto.com\/wp-content\/uploads\/2023\/12\/depo.png 360w, https:\/\/degertauto.com\/wp-content\/uploads\/2023\/12\/depo-300x150.png 300w\" sizes=\"auto, (max-width: 360px) 100vw, 360px\" \/>\t\t\t\t\t\t\t\t<\/a>\n\t\t\t\t\t\t\t\t\t\t\t\t\t\t\t<\/div>\n\t\t\t\t<\/div>\n\t\t\t\t<\/div>\n\t\t<div class=\"elementor-element elementor-element-1bddf5a e-con-full e-flex e-con\" data-id=\"1bddf5a\" data-element_type=\"container\" data-settings=\"{&quot;content_width&quot;:&quot;full&quot;}\">\n\t\t\t\t<div class=\"elementor-element elementor-element-6d506f4 elementor-widget elementor-widget-image\" data-id=\"6d506f4\" data-element_type=\"widget\" data-widget_type=\"image.default\">\n\t\t\t\t<div class=\"elementor-widget-container\">\n\t\t\t\t\t\t\t\t\t\t\t\t\t\t\t\t<a href=\"https:\/\/www.hella.com\/techworld\/au\/Passenger-car-parts-44829\/\" target=\"_blank\">\n\t\t\t\t\t\t\t<img loading=\"lazy\" decoding=\"async\" width=\"360\" height=\"180\" src=\"https:\/\/degertauto.com\/wp-content\/uploads\/2023\/12\/hella-1.jpg\" class=\"attachment-full size-full wp-image-8748\" alt=\"\" srcset=\"https:\/\/degertauto.com\/wp-content\/uploads\/2023\/12\/hella-1.jpg 360w, https:\/\/degertauto.com\/wp-content\/uploads\/2023\/12\/hella-1-300x150.jpg 300w\" sizes=\"auto, (max-width: 360px) 100vw, 360px\" \/>\t\t\t\t\t\t\t\t<\/a>\n\t\t\t\t\t\t\t\t\t\t\t\t\t\t\t<\/div>\n\t\t\t\t<\/div>\n\t\t\t\t<\/div>\n\t\t<div class=\"elementor-element elementor-element-b12fdd8 e-con-full e-flex e-con\" data-id=\"b12fdd8\" data-element_type=\"container\" data-settings=\"{&quot;content_width&quot;:&quot;full&quot;}\">\n\t\t\t\t<div class=\"elementor-element elementor-element-a437b4f elementor-widget elementor-widget-image\" data-id=\"a437b4f\" data-element_type=\"widget\" data-widget_type=\"image.default\">\n\t\t\t\t<div class=\"elementor-widget-container\">\n\t\t\t\t\t\t\t\t\t\t\t\t\t\t\t\t<a href=\"https:\/\/ulo.de\/en\">\n\t\t\t\t\t\t\t<img loading=\"lazy\" decoding=\"async\" width=\"360\" height=\"180\" src=\"https:\/\/degertauto.com\/wp-content\/uploads\/2023\/12\/ulo.png\" class=\"attachment-full size-full wp-image-8743\" alt=\"\" srcset=\"https:\/\/degertauto.com\/wp-content\/uploads\/2023\/12\/ulo.png 360w, https:\/\/degertauto.com\/wp-content\/uploads\/2023\/12\/ulo-300x150.png 300w\" sizes=\"auto, (max-width: 360px) 100vw, 360px\" \/>\t\t\t\t\t\t\t\t<\/a>\n\t\t\t\t\t\t\t\t\t\t\t\t\t\t\t<\/div>\n\t\t\t\t<\/div>\n\t\t\t\t<\/div>\n\t\t<div class=\"elementor-element elementor-element-e2a037e e-con-full e-flex e-con\" data-id=\"e2a037e\" data-element_type=\"container\" data-settings=\"{&quot;content_width&quot;:&quot;full&quot;}\">\n\t\t\t\t<div class=\"elementor-element elementor-element-965181a elementor-widget elementor-widget-image\" data-id=\"965181a\" data-element_type=\"widget\" data-widget_type=\"image.default\">\n\t\t\t\t<div class=\"elementor-widget-container\">\n\t\t\t\t\t\t\t\t\t\t\t\t\t\t\t\t<a href=\"https:\/\/www.vanwezel.be\/index.html\">\n\t\t\t\t\t\t\t<img loading=\"lazy\" decoding=\"async\" width=\"360\" height=\"180\" src=\"https:\/\/degertauto.com\/wp-content\/uploads\/2023\/12\/van-wezel.png\" class=\"attachment-full size-full wp-image-8738\" alt=\"\" srcset=\"https:\/\/degertauto.com\/wp-content\/uploads\/2023\/12\/van-wezel.png 360w, https:\/\/degertauto.com\/wp-content\/uploads\/2023\/12\/van-wezel-300x150.png 300w\" sizes=\"auto, (max-width: 360px) 100vw, 360px\" \/>\t\t\t\t\t\t\t\t<\/a>\n\t\t\t\t\t\t\t\t\t\t\t\t\t\t\t<\/div>\n\t\t\t\t<\/div>\n\t\t\t\t<\/div>\n\t\t<div class=\"elementor-element elementor-element-eea80d3 e-con-full e-flex e-con\" data-id=\"eea80d3\" data-element_type=\"container\" data-settings=\"{&quot;content_width&quot;:&quot;full&quot;}\">\n\t\t\t\t<div class=\"elementor-element elementor-element-fe35a50 elementor-widget elementor-widget-image\" data-id=\"fe35a50\" data-element_type=\"widget\" data-widget_type=\"image.default\">\n\t\t\t\t<div class=\"elementor-widget-container\">\n\t\t\t\t\t\t\t\t\t\t\t\t\t\t\t<img loading=\"lazy\" decoding=\"async\" width=\"360\" height=\"180\" src=\"https:\/\/degertauto.com\/wp-content\/uploads\/2023\/12\/carfull-logo.jpg\" class=\"attachment-full size-full wp-image-8733\" alt=\"\" srcset=\"https:\/\/degertauto.com\/wp-content\/uploads\/2023\/12\/carfull-logo.jpg 360w, https:\/\/degertauto.com\/wp-content\/uploads\/2023\/12\/carfull-logo-300x150.jpg 300w\" sizes=\"auto, (max-width: 360px) 100vw, 360px\" \/>\t\t\t\t\t\t\t\t\t\t\t\t\t\t\t<\/div>\n\t\t\t\t<\/div>\n\t\t\t\t<\/div>\n\t\t<div class=\"elementor-element elementor-element-16d7d20 e-con-full e-flex e-con\" data-id=\"16d7d20\" data-element_type=\"container\" data-settings=\"{&quot;content_width&quot;:&quot;full&quot;}\">\n\t\t\t\t<div class=\"elementor-element elementor-element-087cc3c elementor-widget elementor-widget-image\" data-id=\"087cc3c\" data-element_type=\"widget\" data-widget_type=\"image.default\">\n\t\t\t\t<div class=\"elementor-widget-container\">\n\t\t\t\t\t\t\t\t\t\t\t\t\t\t\t\t<a href=\"https:\/\/www.alkar.es\/en\/\" target=\"_blank\">\n\t\t\t\t\t\t\t<img loading=\"lazy\" decoding=\"async\" width=\"360\" height=\"180\" src=\"https:\/\/degertauto.com\/wp-content\/uploads\/2023\/12\/alikar.png\" class=\"attachment-full size-full wp-image-8728\" alt=\"\" srcset=\"https:\/\/degertauto.com\/wp-content\/uploads\/2023\/12\/alikar.png 360w, https:\/\/degertauto.com\/wp-content\/uploads\/2023\/12\/alikar-300x150.png 300w\" sizes=\"auto, (max-width: 360px) 100vw, 360px\" \/>\t\t\t\t\t\t\t\t<\/a>\n\t\t\t\t\t\t\t\t\t\t\t\t\t\t\t<\/div>\n\t\t\t\t<\/div>\n\t\t\t\t<\/div>\n\t\t<div class=\"elementor-element elementor-element-50b4929 e-con-full e-flex e-con\" data-id=\"50b4929\" data-element_type=\"container\" data-settings=\"{&quot;content_width&quot;:&quot;full&quot;}\">\n\t\t\t\t<div class=\"elementor-element elementor-element-1ce7e88 elementor-widget elementor-widget-image\" data-id=\"1ce7e88\" data-element_type=\"widget\" data-widget_type=\"image.default\">\n\t\t\t\t<div class=\"elementor-widget-container\">\n\t\t\t\t\t\t\t\t\t\t\t\t\t\t\t\t<a href=\"https:\/\/www.valeoservice.com\/en-com\">\n\t\t\t\t\t\t\t<img loading=\"lazy\" decoding=\"async\" width=\"360\" height=\"180\" src=\"https:\/\/degertauto.com\/wp-content\/uploads\/2023\/12\/valeo-1.jpg\" class=\"attachment-full size-full wp-image-8763\" alt=\"\" srcset=\"https:\/\/degertauto.com\/wp-content\/uploads\/2023\/12\/valeo-1.jpg 360w, https:\/\/degertauto.com\/wp-content\/uploads\/2023\/12\/valeo-1-300x150.jpg 300w\" sizes=\"auto, (max-width: 360px) 100vw, 360px\" \/>\t\t\t\t\t\t\t\t<\/a>\n\t\t\t\t\t\t\t\t\t\t\t\t\t\t\t<\/div>\n\t\t\t\t<\/div>\n\t\t\t\t<\/div>\n\t\t<div class=\"elementor-element elementor-element-56f3f63 e-con-full e-flex e-con\" data-id=\"56f3f63\" data-element_type=\"container\" data-settings=\"{&quot;content_width&quot;:&quot;full&quot;}\">\n\t\t\t\t<div class=\"elementor-element elementor-element-7a89926 elementor-widget elementor-widget-image\" data-id=\"7a89926\" data-element_type=\"widget\" data-widget_type=\"image.default\">\n\t\t\t\t<div class=\"elementor-widget-container\">\n\t\t\t\t\t\t\t\t\t\t\t\t\t\t\t\t<a href=\"https:\/\/www.magnetimarelli-parts-and-services.com\/\" target=\"_blank\">\n\t\t\t\t\t\t\t<img loading=\"lazy\" decoding=\"async\" width=\"360\" height=\"180\" src=\"https:\/\/degertauto.com\/wp-content\/uploads\/2023\/12\/magneti-1.jpg\" class=\"attachment-full size-full wp-image-8753\" alt=\"\" srcset=\"https:\/\/degertauto.com\/wp-content\/uploads\/2023\/12\/magneti-1.jpg 360w, https:\/\/degertauto.com\/wp-content\/uploads\/2023\/12\/magneti-1-300x150.jpg 300w\" sizes=\"auto, (max-width: 360px) 100vw, 360px\" \/>\t\t\t\t\t\t\t\t<\/a>\n\t\t\t\t\t\t\t\t\t\t\t\t\t\t\t<\/div>\n\t\t\t\t<\/div>\n\t\t\t\t<\/div>\n\t\t<div class=\"elementor-element elementor-element-2bab1e0 e-con-full e-flex e-con\" data-id=\"2bab1e0\" data-element_type=\"container\" data-settings=\"{&quot;content_width&quot;:&quot;full&quot;}\">\n\t\t\t\t<div class=\"elementor-element elementor-element-b28d3fc elementor-widget elementor-widget-image\" data-id=\"b28d3fc\" data-element_type=\"widget\" data-widget_type=\"image.default\">\n\t\t\t\t<div class=\"elementor-widget-container\">\n\t\t\t\t\t\t\t\t\t\t\t\t\t\t\t\t<a href=\"http:\/\/www.olsagroup.com\/olsaparts\/index.php\/it\/prodotti\/\">\n\t\t\t\t\t\t\t<img loading=\"lazy\" decoding=\"async\" width=\"360\" height=\"180\" src=\"https:\/\/degertauto.com\/wp-content\/uploads\/2023\/12\/olsa-1.jpg\" class=\"attachment-full size-full wp-image-8758\" alt=\"\" srcset=\"https:\/\/degertauto.com\/wp-content\/uploads\/2023\/12\/olsa-1.jpg 360w, https:\/\/degertauto.com\/wp-content\/uploads\/2023\/12\/olsa-1-300x150.jpg 300w\" sizes=\"auto, (max-width: 360px) 100vw, 360px\" \/>\t\t\t\t\t\t\t\t<\/a>\n\t\t\t\t\t\t\t\t\t\t\t\t\t\t\t<\/div>\n\t\t\t\t<\/div>\n\t\t\t\t<\/div>\n\t\t\t\t\t<\/div>\n\t\t\t\t<\/div>\n\t\t\t\t<\/div>\n\t\t<div class=\"elementor-element elementor-element-c065e50 e-con-full e-flex elementor-invisible e-con\" data-id=\"c065e50\" data-element_type=\"container\" data-settings=\"{&quot;content_width&quot;:&quot;full&quot;,&quot;animation&quot;:&quot;fadeInRight&quot;}\">\n\t\t\t\t<div class=\"elementor-element elementor-element-eb8912e image-about single-category elementor-widget elementor-widget-image\" data-id=\"eb8912e\" data-element_type=\"widget\" data-widget_type=\"image.default\">\n\t\t\t\t<div class=\"elementor-widget-container\">\n\t\t\t\t\t\t\t\t\t\t\t\t\t\t\t<img loading=\"lazy\" decoding=\"async\" width=\"1320\" height=\"950\" src=\"https:\/\/degertauto.com\/wp-content\/uploads\/2023\/10\/pjese-karamboli.jpg\" class=\"attachment-full size-full wp-image-5455\" alt=\"\" srcset=\"https:\/\/degertauto.com\/wp-content\/uploads\/2023\/10\/pjese-karamboli.jpg 1320w, https:\/\/degertauto.com\/wp-content\/uploads\/2023\/10\/pjese-karamboli-300x216.jpg 300w, https:\/\/degertauto.com\/wp-content\/uploads\/2023\/10\/pjese-karamboli-1024x737.jpg 1024w, https:\/\/degertauto.com\/wp-content\/uploads\/2023\/10\/pjese-karamboli-768x553.jpg 768w\" sizes=\"auto, (max-width: 1320px) 100vw, 1320px\" \/>\t\t\t\t\t\t\t\t\t\t\t\t\t\t\t<\/div>\n\t\t\t\t<\/div>\n\t\t\t\t<\/div>\n\t\t\t\t\t<\/div>\n\t\t\t\t<\/div>\n\t\t\t\t\t\t\t<\/div>\n\t\t","protected":false},"excerpt":{"rendered":"<p>En arri\u00e8re Degert Auto SA Parties de carambole Dans la large gamme de produits des parties de carambole que nous offrons, nous pouvons affirmer en toute conviction que nous sommes le principal fournisseur de ces produits sur le march\u00e9 local et pas seulement, et cela gr\u00e2ce \u00e0 la collaboration avec les marques les plus prestigieuses [&hellip;]<\/p>\n","protected":false},"author":1,"featured_media":0,"parent":7243,"menu_order":0,"comment_status":"closed","ping_status":"closed","template":"elementor_header_footer","meta":{"footnotes":""},"class_list":["post-7327","page","type-page","status-publish","hentry"],"acf":[],"_links":{"self":[{"href":"https:\/\/degertauto.com\/fr\/wp-json\/wp\/v2\/pages\/7327","targetHints":{"allow":["GET"]}}],"collection":[{"href":"https:\/\/degertauto.com\/fr\/wp-json\/wp\/v2\/pages"}],"about":[{"href":"https:\/\/degertauto.com\/fr\/wp-json\/wp\/v2\/types\/page"}],"author":[{"embeddable":true,"href":"https:\/\/degertauto.com\/fr\/wp-json\/wp\/v2\/users\/1"}],"replies":[{"embeddable":true,"href":"https:\/\/degertauto.com\/fr\/wp-json\/wp\/v2\/comments?post=7327"}],"version-history":[{"count":13,"href":"https:\/\/degertauto.com\/fr\/wp-json\/wp\/v2\/pages\/7327\/revisions"}],"predecessor-version":[{"id":9174,"href":"https:\/\/degertauto.com\/fr\/wp-json\/wp\/v2\/pages\/7327\/revisions\/9174"}],"up":[{"embeddable":true,"href":"https:\/\/degertauto.com\/fr\/wp-json\/wp\/v2\/pages\/7243"}],"wp:attachment":[{"href":"https:\/\/degertauto.com\/fr\/wp-json\/wp\/v2\/media?parent=7327"}],"curies":[{"name":"wp","href":"https:\/\/api.w.org\/{rel}","templated":true}]}}