{"id":7341,"date":"2023-09-05T10:39:43","date_gmt":"2023-09-05T10:39:43","guid":{"rendered":"https:\/\/degertauto.web-devtesting.xyz\/produits\/produkte-perkujdesidhe-mirembatje\/"},"modified":"2024-01-10T13:18:56","modified_gmt":"2024-01-10T13:18:56","slug":"produits-dentretien-et-de-soins","status":"publish","type":"page","link":"https:\/\/degertauto.com\/fr\/produits\/produits-dentretien-et-de-soins\/","title":{"rendered":"Produits d\u2019Entretien et de Soins"},"content":{"rendered":"\t\t<div data-elementor-type=\"wp-page\" data-elementor-id=\"7341\" class=\"elementor elementor-7341 elementor-1839\">\n\t\t\t\t\t\t\t<div class=\"elementor-element elementor-element-0523c7d e-flex e-con-boxed e-con\" data-id=\"0523c7d\" data-element_type=\"container\" data-settings=\"{&quot;background_background&quot;:&quot;classic&quot;,&quot;content_width&quot;:&quot;boxed&quot;}\">\n\t\t\t\t\t<div class=\"e-con-inner\">\n\t\t\t\t<div class=\"elementor-element elementor-element-231352b elementor-widget elementor-widget-button\" data-id=\"231352b\" data-element_type=\"widget\" data-widget_type=\"button.default\">\n\t\t\t\t<div class=\"elementor-widget-container\">\n\t\t\t\t\t<div class=\"elementor-button-wrapper\">\n\t\t\t<a class=\"elementor-button elementor-button-link elementor-size-sm\" href=\"\/fr\/produits\/\">\n\t\t\t\t\t\t<span class=\"elementor-button-content-wrapper\">\n\t\t\t\t\t\t<span class=\"elementor-button-icon elementor-align-icon-left\">\n\t\t\t\t<i aria-hidden=\"true\" class=\"fas fa-long-arrow-alt-left\"><\/i>\t\t\t<\/span>\n\t\t\t\t\t\t<span class=\"elementor-button-text\">En arri\u00e8re<\/span>\n\t\t<\/span>\n\t\t\t\t\t<\/a>\n\t\t<\/div>\n\t\t\t\t<\/div>\n\t\t\t\t<\/div>\n\t\t\t\t\t<\/div>\n\t\t\t\t<\/div>\n\t\t<div class=\"elementor-element elementor-element-cc5d9c9 home-about e-flex e-con-boxed e-con\" data-id=\"cc5d9c9\" data-element_type=\"container\" data-settings=\"{&quot;content_width&quot;:&quot;boxed&quot;}\">\n\t\t\t\t\t<div class=\"e-con-inner\">\n\t\t<div class=\"elementor-element elementor-element-8756b02 e-con-full left-col-about e-flex elementor-invisible e-con\" data-id=\"8756b02\" data-element_type=\"container\" data-settings=\"{&quot;content_width&quot;:&quot;full&quot;,&quot;animation&quot;:&quot;fadeInLeft&quot;}\">\n\t\t\t\t<div class=\"elementor-element elementor-element-0af5348 elementor-widget elementor-widget-heading\" data-id=\"0af5348\" data-element_type=\"widget\" data-widget_type=\"heading.default\">\n\t\t\t\t<div class=\"elementor-widget-container\">\n\t\t\t<style>\/*! elementor - v3.15.0 - 09-08-2023 *\/\n.elementor-heading-title{padding:0;margin:0;line-height:1}.elementor-widget-heading .elementor-heading-title[class*=elementor-size-]>a{color:inherit;font-size:inherit;line-height:inherit}.elementor-widget-heading .elementor-heading-title.elementor-size-small{font-size:15px}.elementor-widget-heading .elementor-heading-title.elementor-size-medium{font-size:19px}.elementor-widget-heading .elementor-heading-title.elementor-size-large{font-size:29px}.elementor-widget-heading .elementor-heading-title.elementor-size-xl{font-size:39px}.elementor-widget-heading .elementor-heading-title.elementor-size-xxl{font-size:59px}<\/style><h4 class=\"elementor-heading-title elementor-size-default\">Degert Auto SA<\/h4>\t\t<\/div>\n\t\t\t\t<\/div>\n\t\t\t\t<div class=\"elementor-element elementor-element-171ced3 elementor-widget elementor-widget-heading\" data-id=\"171ced3\" data-element_type=\"widget\" data-widget_type=\"heading.default\">\n\t\t\t\t<div class=\"elementor-widget-container\">\n\t\t\t<h2 class=\"elementor-heading-title elementor-size-default\">Produits d\u2019Entretien et de Soins<\/h2>\t\t<\/div>\n\t\t\t\t<\/div>\n\t\t\t\t<div class=\"elementor-element elementor-element-f02b09d elementor-widget elementor-widget-text-editor\" data-id=\"f02b09d\" data-element_type=\"widget\" data-widget_type=\"text-editor.default\">\n\t\t\t\t<div class=\"elementor-widget-container\">\n\t\t\t<style>\/*! elementor - v3.15.0 - 09-08-2023 *\/\n.elementor-widget-text-editor.elementor-drop-cap-view-stacked .elementor-drop-cap{background-color:#69727d;color:#fff}.elementor-widget-text-editor.elementor-drop-cap-view-framed .elementor-drop-cap{color:#69727d;border:3px solid;background-color:transparent}.elementor-widget-text-editor:not(.elementor-drop-cap-view-default) .elementor-drop-cap{margin-top:8px}.elementor-widget-text-editor:not(.elementor-drop-cap-view-default) .elementor-drop-cap-letter{width:1em;height:1em}.elementor-widget-text-editor .elementor-drop-cap{float:left;text-align:center;line-height:1;font-size:50px}.elementor-widget-text-editor .elementor-drop-cap-letter{display:inline-block}<\/style>\t\t\t\t<p>Notre objectif est de r\u00e9pondre \u00e0 tous les besoins des clients \u00e0 la recherche de produits d\u2019entretien ou de soins.<\/p><p>Nous offronsune large gamme de produits pour le nettoyage et l\u2019entretien des v\u00e9hicules. Nous sommes l\u00e0 pour vous aider \u00e0 \u00e9liminer les odeurs d\u00e9sagr\u00e9ables et \u00e0 apporter de la propret\u00e9 gr\u00e2ce \u00e0 notre gamme de produits de nettoyage pour v\u00e9hicules. Ils sont con\u00e7us de mani\u00e8re \u00e9conomique pour un excellent nettoyage des v\u00e9hicules. Vous pouvez augmenter les performances et la puissance de votre v\u00e9hicule gr\u00e2ce \u00e0 des produits de qualit\u00e9 sup\u00e9rieure provenant d\u2019un certain nombre de marques aux prix les plus raisonnables.<\/p>\t\t\t\t\t\t<\/div>\n\t\t\t\t<\/div>\n\t\t\t\t<div class=\"elementor-element elementor-element-b2d4aae elementor-widget elementor-widget-text-editor\" data-id=\"b2d4aae\" data-element_type=\"widget\" data-widget_type=\"text-editor.default\">\n\t\t\t\t<div class=\"elementor-widget-container\">\n\t\t\t\t\t\t\tPour des informations plus d\u00e9taill\u00e9es, parcourez le site officiel de nos partenaires:\t\t\t\t\t\t<\/div>\n\t\t\t\t<\/div>\n\t\t<div class=\"elementor-element elementor-element-127ad5e partners-degert e-flex e-con-boxed e-con\" data-id=\"127ad5e\" data-element_type=\"container\" data-settings=\"{&quot;content_width&quot;:&quot;boxed&quot;}\">\n\t\t\t\t\t<div class=\"e-con-inner\">\n\t\t<div class=\"elementor-element elementor-element-87766cc e-con-full e-flex e-con\" data-id=\"87766cc\" data-element_type=\"container\" data-settings=\"{&quot;content_width&quot;:&quot;full&quot;}\">\n\t\t\t\t<div class=\"elementor-element elementor-element-b89c5c8 elementor-widget elementor-widget-image\" data-id=\"b89c5c8\" data-element_type=\"widget\" data-widget_type=\"image.default\">\n\t\t\t\t<div class=\"elementor-widget-container\">\n\t\t\t<style>\/*! elementor - v3.15.0 - 09-08-2023 *\/\n.elementor-widget-image{text-align:center}.elementor-widget-image a{display:inline-block}.elementor-widget-image a img[src$=\".svg\"]{width:48px}.elementor-widget-image img{vertical-align:middle;display:inline-block}<\/style>\t\t\t\t\t\t\t\t\t\t\t\t<img loading=\"lazy\" decoding=\"async\" width=\"360\" height=\"180\" src=\"https:\/\/degertauto.com\/wp-content\/uploads\/2023\/10\/uni.png\" class=\"attachment-full size-full wp-image-5231\" alt=\"\" srcset=\"https:\/\/degertauto.com\/wp-content\/uploads\/2023\/10\/uni.png 360w, https:\/\/degertauto.com\/wp-content\/uploads\/2023\/10\/uni-300x150.png 300w\" sizes=\"auto, (max-width: 360px) 100vw, 360px\" \/>\t\t\t\t\t\t\t\t\t\t\t\t\t\t\t<\/div>\n\t\t\t\t<\/div>\n\t\t\t\t<\/div>\n\t\t<div class=\"elementor-element elementor-element-6789e85 e-con-full e-flex e-con\" data-id=\"6789e85\" data-element_type=\"container\" data-settings=\"{&quot;content_width&quot;:&quot;full&quot;}\">\n\t\t\t\t<div class=\"elementor-element elementor-element-ce671cb elementor-widget elementor-widget-image\" data-id=\"ce671cb\" data-element_type=\"widget\" data-widget_type=\"image.default\">\n\t\t\t\t<div class=\"elementor-widget-container\">\n\t\t\t\t\t\t\t\t\t\t\t\t\t\t\t<img loading=\"lazy\" decoding=\"async\" width=\"360\" height=\"180\" src=\"https:\/\/degertauto.com\/wp-content\/uploads\/2023\/10\/profi-car.png\" class=\"attachment-full size-full wp-image-5083\" alt=\"\" srcset=\"https:\/\/degertauto.com\/wp-content\/uploads\/2023\/10\/profi-car.png 360w, https:\/\/degertauto.com\/wp-content\/uploads\/2023\/10\/profi-car-300x150.png 300w\" sizes=\"auto, (max-width: 360px) 100vw, 360px\" \/>\t\t\t\t\t\t\t\t\t\t\t\t\t\t\t<\/div>\n\t\t\t\t<\/div>\n\t\t\t\t<\/div>\n\t\t<div class=\"elementor-element elementor-element-aef9433 e-con-full e-flex e-con\" data-id=\"aef9433\" data-element_type=\"container\" data-settings=\"{&quot;content_width&quot;:&quot;full&quot;}\">\n\t\t\t\t<div class=\"elementor-element elementor-element-aadc1dc elementor-widget elementor-widget-image\" data-id=\"aadc1dc\" data-element_type=\"widget\" data-widget_type=\"image.default\">\n\t\t\t\t<div class=\"elementor-widget-container\">\n\t\t\t\t\t\t\t\t\t\t\t\t\t\t\t<img loading=\"lazy\" decoding=\"async\" width=\"360\" height=\"180\" src=\"https:\/\/degertauto.com\/wp-content\/uploads\/2023\/10\/ONE-ok.png\" class=\"attachment-full size-full wp-image-5207\" alt=\"\" srcset=\"https:\/\/degertauto.com\/wp-content\/uploads\/2023\/10\/ONE-ok.png 360w, https:\/\/degertauto.com\/wp-content\/uploads\/2023\/10\/ONE-ok-300x150.png 300w\" sizes=\"auto, (max-width: 360px) 100vw, 360px\" \/>\t\t\t\t\t\t\t\t\t\t\t\t\t\t\t<\/div>\n\t\t\t\t<\/div>\n\t\t\t\t<\/div>\n\t\t<div class=\"elementor-element elementor-element-f5b527c e-con-full e-flex e-con\" data-id=\"f5b527c\" data-element_type=\"container\" data-settings=\"{&quot;content_width&quot;:&quot;full&quot;}\">\n\t\t\t\t<div class=\"elementor-element elementor-element-51920ff elementor-widget elementor-widget-image\" data-id=\"51920ff\" data-element_type=\"widget\" data-widget_type=\"image.default\">\n\t\t\t\t<div class=\"elementor-widget-container\">\n\t\t\t\t\t\t\t\t\t\t\t\t\t\t\t<img loading=\"lazy\" decoding=\"async\" width=\"360\" height=\"180\" src=\"https:\/\/degertauto.com\/wp-content\/uploads\/2024\/01\/unil.png\" class=\"attachment-full size-full wp-image-9118\" alt=\"\" srcset=\"https:\/\/degertauto.com\/wp-content\/uploads\/2024\/01\/unil.png 360w, https:\/\/degertauto.com\/wp-content\/uploads\/2024\/01\/unil-300x150.png 300w\" sizes=\"auto, (max-width: 360px) 100vw, 360px\" \/>\t\t\t\t\t\t\t\t\t\t\t\t\t\t\t<\/div>\n\t\t\t\t<\/div>\n\t\t\t\t<\/div>\n\t\t\t\t\t<\/div>\n\t\t\t\t<\/div>\n\t\t\t\t<\/div>\n\t\t<div class=\"elementor-element elementor-element-064e829 e-con-full e-flex elementor-invisible e-con\" data-id=\"064e829\" data-element_type=\"container\" data-settings=\"{&quot;content_width&quot;:&quot;full&quot;,&quot;animation&quot;:&quot;fadeInRight&quot;}\">\n\t\t\t\t<div class=\"elementor-element elementor-element-1c1b7e8 image-about single-category elementor-widget elementor-widget-image\" data-id=\"1c1b7e8\" data-element_type=\"widget\" data-widget_type=\"image.default\">\n\t\t\t\t<div class=\"elementor-widget-container\">\n\t\t\t\t\t\t\t\t\t\t\t\t\t\t\t<img loading=\"lazy\" decoding=\"async\" width=\"1320\" height=\"1246\" src=\"https:\/\/degertauto.com\/wp-content\/uploads\/2023\/10\/adetive-dhe-antifrize.jpg\" class=\"attachment-full size-full wp-image-5635\" alt=\"\" srcset=\"https:\/\/degertauto.com\/wp-content\/uploads\/2023\/10\/adetive-dhe-antifrize.jpg 1320w, https:\/\/degertauto.com\/wp-content\/uploads\/2023\/10\/adetive-dhe-antifrize-300x283.jpg 300w, https:\/\/degertauto.com\/wp-content\/uploads\/2023\/10\/adetive-dhe-antifrize-1024x967.jpg 1024w, https:\/\/degertauto.com\/wp-content\/uploads\/2023\/10\/adetive-dhe-antifrize-768x725.jpg 768w\" sizes=\"auto, (max-width: 1320px) 100vw, 1320px\" \/>\t\t\t\t\t\t\t\t\t\t\t\t\t\t\t<\/div>\n\t\t\t\t<\/div>\n\t\t\t\t<\/div>\n\t\t\t\t\t<\/div>\n\t\t\t\t<\/div>\n\t\t\t\t\t\t\t<\/div>\n\t\t","protected":false},"excerpt":{"rendered":"<p>En arri\u00e8re Degert Auto SA Produits d\u2019Entretien et de Soins Notre objectif est de r\u00e9pondre \u00e0 tous les besoins des clients \u00e0 la recherche de produits d\u2019entretien ou de soins. Nous offronsune large gamme de produits pour le nettoyage et l\u2019entretien des v\u00e9hicules. Nous sommes l\u00e0 pour vous aider \u00e0 \u00e9liminer les odeurs d\u00e9sagr\u00e9ables et [&hellip;]<\/p>\n","protected":false},"author":1,"featured_media":0,"parent":7243,"menu_order":0,"comment_status":"closed","ping_status":"closed","template":"elementor_header_footer","meta":{"footnotes":""},"class_list":["post-7341","page","type-page","status-publish","hentry"],"acf":[],"_links":{"self":[{"href":"https:\/\/degertauto.com\/fr\/wp-json\/wp\/v2\/pages\/7341","targetHints":{"allow":["GET"]}}],"collection":[{"href":"https:\/\/degertauto.com\/fr\/wp-json\/wp\/v2\/pages"}],"about":[{"href":"https:\/\/degertauto.com\/fr\/wp-json\/wp\/v2\/types\/page"}],"author":[{"embeddable":true,"href":"https:\/\/degertauto.com\/fr\/wp-json\/wp\/v2\/users\/1"}],"replies":[{"embeddable":true,"href":"https:\/\/degertauto.com\/fr\/wp-json\/wp\/v2\/comments?post=7341"}],"version-history":[{"count":19,"href":"https:\/\/degertauto.com\/fr\/wp-json\/wp\/v2\/pages\/7341\/revisions"}],"predecessor-version":[{"id":9189,"href":"https:\/\/degertauto.com\/fr\/wp-json\/wp\/v2\/pages\/7341\/revisions\/9189"}],"up":[{"embeddable":true,"href":"https:\/\/degertauto.com\/fr\/wp-json\/wp\/v2\/pages\/7243"}],"wp:attachment":[{"href":"https:\/\/degertauto.com\/fr\/wp-json\/wp\/v2\/media?parent=7341"}],"curies":[{"name":"wp","href":"https:\/\/api.w.org\/{rel}","templated":true}]}}